{"id":1253,"date":"2025-01-08T15:22:43","date_gmt":"2025-01-08T15:22:43","guid":{"rendered":"https:\/\/modishhandmade.com\/product\/roda-och-gula-makrameorhangen-med-ringar\/"},"modified":"2025-01-08T15:22:43","modified_gmt":"2025-01-08T15:22:43","slug":"roda-och-gula-makrameorhangen-med-ringar","status":"publish","type":"product","link":"https:\/\/modishhandmade.com\/sv\/product\/roda-och-gula-makrameorhangen-med-ringar\/","title":{"rendered":"R\u00f6da och gula makram\u00e9\u00f6rh\u00e4ngen med ringar"},"content":{"rendered":"<p>Lys upp din stil med dessa i\u00f6gonfallande r\u00f6da och gula makram\u00e9\u00f6rh\u00e4ngen. De \u00e4r handgjorda med omsorg och har intrikata knutar och fina detaljer, vilket g\u00f6r dem till ett perfekt komplement till alla bohemiska eller hippieinspirerade looks. <\/p>\n<p><strong>Produktinformation:<\/strong><\/p>\n<ul>\n<li><strong>Material:<\/strong> Kraftigt nylonrep, glittrande glasp\u00e4rlor och silverringar.<\/li>\n<li><strong>Stil:<\/strong> Boho- och hippieinspirerad design f\u00f6r en unik, konstn\u00e4rlig touch.<\/li>\n<li><strong>Storlek:<\/strong> L\u00e4ngd - 3,5 cm (1,37&#8243;), bredd - 2,3 cm (0,9&#8243;).<\/li>\n<\/ul>\n<p>Dessa handgjorda knutna \u00f6rh\u00e4ngen \u00e4r l\u00e4tta, bekv\u00e4ma och perfekta f\u00f6r b\u00e5de vardagsbruk och speciella tillf\u00e4llen.<\/p>\n","protected":false},"excerpt":{"rendered":"<p>Lys upp din stil med dessa i\u00f6gonfallande r\u00f6da och gula makram\u00e9\u00f6rh\u00e4ngen. De \u00e4r handgjorda med omsorg och har intrikata knutar och fina detaljer, vilket g\u00f6r dem till ett perfekt komplement till alla bohemiska eller hippieinspirerade looks. <\/p>\n","protected":false},"featured_media":1152,"comment_status":"open","ping_status":"closed","template":"","meta":[],"product_cat":[56],"product_tag":[],"class_list":{"0":"post-1253","1":"product","2":"type-product","3":"status-publish","4":"has-post-thumbnail","6":"product_cat-orhangen","8":"first","9":"instock","10":"shipping-taxable","11":"product-type-external"},"_links":{"self":[{"href":"https:\/\/modishhandmade.com\/sv\/wp-json\/wp\/v2\/product\/1253","targetHints":{"allow":["GET"]}}],"collection":[{"href":"https:\/\/modishhandmade.com\/sv\/wp-json\/wp\/v2\/product"}],"about":[{"href":"https:\/\/modishhandmade.com\/sv\/wp-json\/wp\/v2\/types\/product"}],"replies":[{"embeddable":true,"href":"https:\/\/modishhandmade.com\/sv\/wp-json\/wp\/v2\/comments?post=1253"}],"wp:featuredmedia":[{"embeddable":true,"href":"https:\/\/modishhandmade.com\/sv\/wp-json\/wp\/v2\/media\/1152"}],"wp:attachment":[{"href":"https:\/\/modishhandmade.com\/sv\/wp-json\/wp\/v2\/media?parent=1253"}],"wp:term":[{"taxonomy":"product_cat","embeddable":true,"href":"https:\/\/modishhandmade.com\/sv\/wp-json\/wp\/v2\/product_cat?post=1253"},{"taxonomy":"product_tag","embeddable":true,"href":"https:\/\/modishhandmade.com\/sv\/wp-json\/wp\/v2\/product_tag?post=1253"}],"curies":[{"name":"wp","href":"https:\/\/api.w.org\/{rel}","templated":true}]}}