{"id":1252,"date":"2025-01-08T13:46:45","date_gmt":"2025-01-08T13:46:45","guid":{"rendered":"https:\/\/modishhandmade.com\/product\/makrame-orhangen-brun\/"},"modified":"2025-07-06T18:46:58","modified_gmt":"2025-07-06T18:46:58","slug":"makrame-orhangen-brun","status":"publish","type":"product","link":"https:\/\/modishhandmade.com\/sv\/product\/makrame-orhangen-brun\/","title":{"rendered":"Makram\u00e9-\u00f6rh\u00e4ngen Brun"},"content":{"rendered":"<p>Ge din look en touch av bohemisk charm med de h\u00e4r handgjorda makram\u00e9-\u00f6rh\u00e4ngena. Perfekta f\u00f6r frimodiga sj\u00e4lar, dessa dinglande \u00f6rh\u00e4ngen \u00e4r designade i en boho- och hippiestil f\u00f6r att komplettera din unika personlighet. <\/p>\n<ul>\n<li>Material: Tillverkad av slitstarkt nylonrep, accentuerad med naturliga tr\u00e4p\u00e4rlor, skimrande glaskristaller och avslutad med eleganta silver\u00f6rh\u00e4ngekrokar f\u00f6r komfort och h\u00e5llbarhet.<\/li>\n<li>M\u00e5tt:: Total l\u00e4ngd - 3,5 cm (1,37&#8243;), bredd - 1,2 cm (0,47&#8243;).<\/li>\n<\/ul>\n<p>\u00d6rh\u00e4ngena \u00e4r tillverkade med macrameteknik, vilket ger fina detaljer och ett exceptionellt hantverk. De \u00e4r l\u00e4tta och l\u00e4tta att b\u00e4ra och passar perfekt f\u00f6r alla vardagliga och speciella tillf\u00e4llen. <\/p>\n<p>Komplettera din boho-look med dessa unika, handgjorda \u00f6rh\u00e4ngen - en perfekt present till dig sj\u00e4lv eller n\u00e5gon du tycker om!<\/p>\n","protected":false},"excerpt":{"rendered":"<p>Ge din look en touch av bohemisk charm med de h\u00e4r handgjorda makram\u00e9-\u00f6rh\u00e4ngena. Perfekta f\u00f6r frimodiga sj\u00e4lar, dessa dinglande \u00f6rh\u00e4ngen \u00e4r designade i en boho- och hippiestil f\u00f6r att komplettera din unika personlighet. <\/p>\n","protected":false},"featured_media":1032,"comment_status":"open","ping_status":"closed","template":"","meta":[],"product_cat":[56],"product_tag":[],"class_list":{"0":"post-1252","1":"product","2":"type-product","3":"status-publish","4":"has-post-thumbnail","6":"product_cat-orhangen","8":"first","9":"instock","10":"sale","11":"shipping-taxable","12":"product-type-external"},"_links":{"self":[{"href":"https:\/\/modishhandmade.com\/sv\/wp-json\/wp\/v2\/product\/1252","targetHints":{"allow":["GET"]}}],"collection":[{"href":"https:\/\/modishhandmade.com\/sv\/wp-json\/wp\/v2\/product"}],"about":[{"href":"https:\/\/modishhandmade.com\/sv\/wp-json\/wp\/v2\/types\/product"}],"replies":[{"embeddable":true,"href":"https:\/\/modishhandmade.com\/sv\/wp-json\/wp\/v2\/comments?post=1252"}],"wp:featuredmedia":[{"embeddable":true,"href":"https:\/\/modishhandmade.com\/sv\/wp-json\/wp\/v2\/media\/1032"}],"wp:attachment":[{"href":"https:\/\/modishhandmade.com\/sv\/wp-json\/wp\/v2\/media?parent=1252"}],"wp:term":[{"taxonomy":"product_cat","embeddable":true,"href":"https:\/\/modishhandmade.com\/sv\/wp-json\/wp\/v2\/product_cat?post=1252"},{"taxonomy":"product_tag","embeddable":true,"href":"https:\/\/modishhandmade.com\/sv\/wp-json\/wp\/v2\/product_tag?post=1252"}],"curies":[{"name":"wp","href":"https:\/\/api.w.org\/{rel}","templated":true}]}}