{"id":1251,"date":"2025-01-08T15:49:14","date_gmt":"2025-01-08T15:49:14","guid":{"rendered":"https:\/\/modishhandmade.com\/product\/orhangen-i-rod-och-gron-micromacrame\/"},"modified":"2025-01-08T15:49:14","modified_gmt":"2025-01-08T15:49:14","slug":"orhangen-i-rod-och-gron-micromacrame","status":"publish","type":"product","link":"https:\/\/modishhandmade.com\/sv\/product\/orhangen-i-rod-och-gron-micromacrame\/","title":{"rendered":"\u00d6rh\u00e4ngen i r\u00f6d och gr\u00f6n micromacrame"},"content":{"rendered":"<p>F\u00f6rgyll din stil med dessa fantastiska r\u00f6da och gr\u00f6na micromacrame-\u00f6rh\u00e4ngen, perfekta f\u00f6r dig som \u00e4lskar bohemisk och hippieestetik. Dessa \u00f6rh\u00e4ngen \u00e4r handgjorda med precision och kombinerar livfulla f\u00e4rger med intrikat design f\u00f6r att skapa en verkligt unik accessoar.<\/p>\n<p><strong>H\u00f6gkvalitativa material<\/strong><br \/>\nDessa \u00f6rh\u00e4ngen \u00e4r tillverkade av slitstarkt nylonrep och pryds av gnistrande kristallglasp\u00e4rlor. Makram\u00e9tekniken ger djup och struktur och visar det skickliga konstn\u00e4rskapet bakom varje bit.<\/p>\n<p><strong>Snygga och l\u00e4tta<\/strong><br \/>\nMed en l\u00e4ngd p\u00e5 5 cm (1,97 inches) ger dessa \u00f6rh\u00e4ngen en dj\u00e4rv, i\u00f6gonfallande look utan att vara \u00f6verv\u00e4ldigande. De \u00e4r l\u00e4tta och bekv\u00e4ma, vilket g\u00f6r dem idealiska f\u00f6r l\u00e5ngvarigt bruk.<\/p>\n<p><strong>M\u00e5ngsidiga och unika<\/strong><br \/>\nDe livfulla r\u00f6da och gr\u00f6na nyanserna g\u00f6r dessa \u00f6rh\u00e4ngen till en accessoar som sticker ut, perfekt f\u00f6r festivaler, avslappnade utflykter eller andra evenemang d\u00e4r du vill uttrycka din individualitet. De passar perfekt till fl\u00f6dande kl\u00e4nningar, jordn\u00e4ra toner och alla boho-inspirerade outfits.<\/p>\n<p><strong>Sk\u00f6tselr\u00e5d<\/strong><br \/>\nF\u00f6r att dina \u00f6rh\u00e4ngen ska h\u00e5lla sig snygga ska du f\u00f6rvara dem p\u00e5 en torr plats och undvika att uts\u00e4tta dem f\u00f6r vatten eller kemikalier.<\/p>\n<p>Om du har n\u00e5gra fr\u00e5gor eller s\u00e4rskilda \u00f6nskem\u00e5l \u00e4r du v\u00e4lkommen att h\u00f6ra av dig. L\u00e4gg till dessa micromacrame-\u00f6rh\u00e4ngen till din samling och l\u00e5t deras handgjorda charm f\u00f6rh\u00f6ja din stil!<\/p>\n","protected":false},"excerpt":{"rendered":"<p>F\u00f6rgyll din stil med dessa fantastiska r\u00f6da och gr\u00f6na micromacrame-\u00f6rh\u00e4ngen, perfekta f\u00f6r dig som \u00e4lskar bohemisk och hippieestetik. Dessa \u00f6rh\u00e4ngen \u00e4r handgjorda med precision och kombinerar livfulla f\u00e4rger med intrikat design f\u00f6r att skapa en verkligt unik accessoar.<\/p>\n","protected":false},"featured_media":1135,"comment_status":"open","ping_status":"closed","template":"","meta":[],"product_cat":[56],"product_tag":[],"class_list":{"0":"post-1251","1":"product","2":"type-product","3":"status-publish","4":"has-post-thumbnail","6":"product_cat-orhangen","8":"first","9":"instock","10":"shipping-taxable","11":"product-type-external"},"_links":{"self":[{"href":"https:\/\/modishhandmade.com\/sv\/wp-json\/wp\/v2\/product\/1251","targetHints":{"allow":["GET"]}}],"collection":[{"href":"https:\/\/modishhandmade.com\/sv\/wp-json\/wp\/v2\/product"}],"about":[{"href":"https:\/\/modishhandmade.com\/sv\/wp-json\/wp\/v2\/types\/product"}],"replies":[{"embeddable":true,"href":"https:\/\/modishhandmade.com\/sv\/wp-json\/wp\/v2\/comments?post=1251"}],"wp:featuredmedia":[{"embeddable":true,"href":"https:\/\/modishhandmade.com\/sv\/wp-json\/wp\/v2\/media\/1135"}],"wp:attachment":[{"href":"https:\/\/modishhandmade.com\/sv\/wp-json\/wp\/v2\/media?parent=1251"}],"wp:term":[{"taxonomy":"product_cat","embeddable":true,"href":"https:\/\/modishhandmade.com\/sv\/wp-json\/wp\/v2\/product_cat?post=1251"},{"taxonomy":"product_tag","embeddable":true,"href":"https:\/\/modishhandmade.com\/sv\/wp-json\/wp\/v2\/product_tag?post=1251"}],"curies":[{"name":"wp","href":"https:\/\/api.w.org\/{rel}","templated":true}]}}