{"id":1250,"date":"2025-01-08T15:20:25","date_gmt":"2025-01-08T15:20:25","guid":{"rendered":"https:\/\/modishhandmade.com\/product\/olivgrona-parlbestrodda-macrameorhangen\/"},"modified":"2025-01-08T15:20:25","modified_gmt":"2025-01-08T15:20:25","slug":"olivgrona-parlbestrodda-macrameorhangen","status":"publish","type":"product","link":"https:\/\/modishhandmade.com\/sv\/product\/olivgrona-parlbestrodda-macrameorhangen\/","title":{"rendered":"Olivgr\u00f6na p\u00e4rlbestr\u00f6dda macrame\u00f6rh\u00e4ngen"},"content":{"rendered":"<p>F\u00f6rh\u00f6j din look med dessa eleganta olivgr\u00f6na makram\u00e9\u00f6rh\u00e4ngen. De \u00e4r handgjorda med slitstarka nylonrep och skimrande kristallglasp\u00e4rlor och \u00e4r perfekta f\u00f6r att ge en bohemisk touch till alla outfits. <\/p>\n<p><strong>Produktinformation:<\/strong><\/p>\n<ul>\n<li><strong>Material:<\/strong> Premium nylonrep och gnistrande kristallglasp\u00e4rlor.<\/li>\n<li><strong>Stil:<\/strong> Bohemisk och hippieinspirerad design.<\/li>\n<li><strong>L\u00e4ngd:<\/strong> 4 cm - l\u00e4tt och bekv\u00e4m f\u00f6r vardagsbruk.<\/li>\n<\/ul>\n<p>Dessa \u00f6rh\u00e4ngen med micromacrame \u00e4r en blandning av konstn\u00e4rskap och elegans, idealiska f\u00f6r vardagliga eller speciella tillf\u00e4llen.<\/p>\n","protected":false},"excerpt":{"rendered":"<p>F\u00f6rh\u00f6j din look med dessa eleganta olivgr\u00f6na makram\u00e9\u00f6rh\u00e4ngen. De \u00e4r handgjorda med slitstarka nylonrep och skimrande kristallglasp\u00e4rlor och \u00e4r perfekta f\u00f6r att ge en bohemisk touch till alla outfits. <\/p>\n","protected":false},"featured_media":1120,"comment_status":"open","ping_status":"closed","template":"","meta":[],"product_cat":[56],"product_tag":[],"class_list":{"0":"post-1250","1":"product","2":"type-product","3":"status-publish","4":"has-post-thumbnail","6":"product_cat-orhangen","8":"first","9":"instock","10":"shipping-taxable","11":"product-type-external"},"_links":{"self":[{"href":"https:\/\/modishhandmade.com\/sv\/wp-json\/wp\/v2\/product\/1250","targetHints":{"allow":["GET"]}}],"collection":[{"href":"https:\/\/modishhandmade.com\/sv\/wp-json\/wp\/v2\/product"}],"about":[{"href":"https:\/\/modishhandmade.com\/sv\/wp-json\/wp\/v2\/types\/product"}],"replies":[{"embeddable":true,"href":"https:\/\/modishhandmade.com\/sv\/wp-json\/wp\/v2\/comments?post=1250"}],"wp:featuredmedia":[{"embeddable":true,"href":"https:\/\/modishhandmade.com\/sv\/wp-json\/wp\/v2\/media\/1120"}],"wp:attachment":[{"href":"https:\/\/modishhandmade.com\/sv\/wp-json\/wp\/v2\/media?parent=1250"}],"wp:term":[{"taxonomy":"product_cat","embeddable":true,"href":"https:\/\/modishhandmade.com\/sv\/wp-json\/wp\/v2\/product_cat?post=1250"},{"taxonomy":"product_tag","embeddable":true,"href":"https:\/\/modishhandmade.com\/sv\/wp-json\/wp\/v2\/product_tag?post=1250"}],"curies":[{"name":"wp","href":"https:\/\/api.w.org\/{rel}","templated":true}]}}