{"id":1249,"date":"2025-01-08T15:16:17","date_gmt":"2025-01-08T15:16:17","guid":{"rendered":"https:\/\/modishhandmade.com\/product\/lattviktsorhangen-i-senapsfargad-makrame\/"},"modified":"2025-01-08T15:16:17","modified_gmt":"2025-01-08T15:16:17","slug":"lattviktsorhangen-i-senapsfargad-makrame","status":"publish","type":"product","link":"https:\/\/modishhandmade.com\/sv\/product\/lattviktsorhangen-i-senapsfargad-makrame\/","title":{"rendered":"L\u00e4ttvikts\u00f6rh\u00e4ngen i senapsf\u00e4rgad makram\u00e9"},"content":{"rendered":"<p>Ge din look en bohemisk k\u00e4nsla med dessa makram\u00e9\u00f6rh\u00e4ngen i senapsf\u00e4rg. De \u00e4r handgjorda med omsorg och \u00e4r l\u00e4tta, snygga och perfekta f\u00f6r alla tillf\u00e4llen.<\/p>\n<p>Detaljer:<\/p>\n<ul>\n<li><strong>Material:<\/strong> Kraftigt nylonrep och fina kristallglasp\u00e4rlor.<\/li>\n<li><strong>Stil:<\/strong> Boho- och hippieinspirerad design.<\/li>\n<li><strong>L\u00e4ngd:<\/strong> 4 cm - bekv\u00e4m och l\u00e4tt att b\u00e4ra hela dagen.<\/li>\n<\/ul>\n<p>De h\u00e4r h\u00e4ngande \u00f6rh\u00e4ngena kombinerar konstn\u00e4rligt makram\u00e9hantverk med en modern touch, vilket g\u00f6r dem till ett unikt tillskott i din accessoarsamling.<\/p>\n","protected":false},"excerpt":{"rendered":"<p>Skapa en bohemisk k\u00e4nsla i din look med dessa makram\u00e9\u00f6rh\u00e4ngen i senapsf\u00e4rg. De \u00e4r handgjorda med omsorg och \u00e4r l\u00e4tta, snygga och perfekta f\u00f6r alla tillf\u00e4llen.<\/p>\n","protected":false},"featured_media":1063,"comment_status":"open","ping_status":"closed","template":"","meta":[],"product_cat":[56],"product_tag":[],"class_list":{"0":"post-1249","1":"product","2":"type-product","3":"status-publish","4":"has-post-thumbnail","6":"product_cat-orhangen","8":"first","9":"instock","10":"shipping-taxable","11":"product-type-external"},"_links":{"self":[{"href":"https:\/\/modishhandmade.com\/sv\/wp-json\/wp\/v2\/product\/1249","targetHints":{"allow":["GET"]}}],"collection":[{"href":"https:\/\/modishhandmade.com\/sv\/wp-json\/wp\/v2\/product"}],"about":[{"href":"https:\/\/modishhandmade.com\/sv\/wp-json\/wp\/v2\/types\/product"}],"replies":[{"embeddable":true,"href":"https:\/\/modishhandmade.com\/sv\/wp-json\/wp\/v2\/comments?post=1249"}],"wp:featuredmedia":[{"embeddable":true,"href":"https:\/\/modishhandmade.com\/sv\/wp-json\/wp\/v2\/media\/1063"}],"wp:attachment":[{"href":"https:\/\/modishhandmade.com\/sv\/wp-json\/wp\/v2\/media?parent=1249"}],"wp:term":[{"taxonomy":"product_cat","embeddable":true,"href":"https:\/\/modishhandmade.com\/sv\/wp-json\/wp\/v2\/product_cat?post=1249"},{"taxonomy":"product_tag","embeddable":true,"href":"https:\/\/modishhandmade.com\/sv\/wp-json\/wp\/v2\/product_tag?post=1249"}],"curies":[{"name":"wp","href":"https:\/\/api.w.org\/{rel}","templated":true}]}}