{"id":1248,"date":"2025-01-08T14:46:23","date_gmt":"2025-01-08T14:46:23","guid":{"rendered":"https:\/\/modishhandmade.com\/product\/micromacrame-orhangen-brun\/"},"modified":"2025-01-08T14:46:23","modified_gmt":"2025-01-08T14:46:23","slug":"micromacrame-orhangen-brun","status":"publish","type":"product","link":"https:\/\/modishhandmade.com\/sv\/product\/micromacrame-orhangen-brun\/","title":{"rendered":"Micromacrame \u00f6rh\u00e4ngen Brun"},"content":{"rendered":"<p>Dessa unika micromacrame-\u00f6rh\u00e4ngen \u00e4r den perfekta accessoaren f\u00f6r alla som \u00e4lskar boho- och hippieinspirerade stilar. De intrikata m\u00f6nstren och de jordn\u00e4ra tonerna g\u00f6r dem till ett m\u00e5ngsidigt tillskott till din smyckessamling.<\/p>\n<ul>\n<li><strong>Material<\/strong>: Tillverkad av slitstarkt nylonrep och utsmyckad med gnistrande kristallglasp\u00e4rlor f\u00f6r en subtil, elegant glans.<\/li>\n<li><strong>Dimensioner<\/strong>: Total l\u00e4ngd - 4 cm (1,57&#8243;), perfekt f\u00f6r att ge en touch av elegans utan att k\u00e4nnas tung.<\/li>\n<\/ul>\n<p>Dessa \u00f6rh\u00e4ngen \u00e4r skapade med den k\u00e4nsliga macrametekniken och visar p\u00e5 enast\u00e5ende omsorg om detaljer och kvalitet. Den l\u00e4tta designen ger h\u00f6g komfort och g\u00f6r dem l\u00e4mpliga f\u00f6r b\u00e5de vardagsbruk och speciella tillf\u00e4llen.<\/p>\n","protected":false},"excerpt":{"rendered":"<p>Dessa unika micromacrame-\u00f6rh\u00e4ngen \u00e4r den perfekta accessoaren f\u00f6r alla som \u00e4lskar boho- och hippieinspirerade stilar. De intrikata m\u00f6nstren och de jordn\u00e4ra tonerna g\u00f6r dem till ett m\u00e5ngsidigt tillskott till din smyckessamling.<\/p>\n","protected":false},"featured_media":1040,"comment_status":"open","ping_status":"closed","template":"","meta":[],"product_cat":[56],"product_tag":[],"class_list":{"0":"post-1248","1":"product","2":"type-product","3":"status-publish","4":"has-post-thumbnail","6":"product_cat-orhangen","8":"first","9":"instock","10":"shipping-taxable","11":"product-type-external"},"_links":{"self":[{"href":"https:\/\/modishhandmade.com\/sv\/wp-json\/wp\/v2\/product\/1248","targetHints":{"allow":["GET"]}}],"collection":[{"href":"https:\/\/modishhandmade.com\/sv\/wp-json\/wp\/v2\/product"}],"about":[{"href":"https:\/\/modishhandmade.com\/sv\/wp-json\/wp\/v2\/types\/product"}],"replies":[{"embeddable":true,"href":"https:\/\/modishhandmade.com\/sv\/wp-json\/wp\/v2\/comments?post=1248"}],"wp:featuredmedia":[{"embeddable":true,"href":"https:\/\/modishhandmade.com\/sv\/wp-json\/wp\/v2\/media\/1040"}],"wp:attachment":[{"href":"https:\/\/modishhandmade.com\/sv\/wp-json\/wp\/v2\/media?parent=1248"}],"wp:term":[{"taxonomy":"product_cat","embeddable":true,"href":"https:\/\/modishhandmade.com\/sv\/wp-json\/wp\/v2\/product_cat?post=1248"},{"taxonomy":"product_tag","embeddable":true,"href":"https:\/\/modishhandmade.com\/sv\/wp-json\/wp\/v2\/product_tag?post=1248"}],"curies":[{"name":"wp","href":"https:\/\/api.w.org\/{rel}","templated":true}]}}