{"id":1247,"date":"2025-01-08T14:55:30","date_gmt":"2025-01-08T14:55:30","guid":{"rendered":"https:\/\/modishhandmade.com\/product\/boho-mustard-macrame-orhangen\/"},"modified":"2025-01-08T14:55:30","modified_gmt":"2025-01-08T14:55:30","slug":"boho-mustard-macrame-orhangen","status":"publish","type":"product","link":"https:\/\/modishhandmade.com\/sv\/product\/boho-mustard-macrame-orhangen\/","title":{"rendered":"Boho Mustard Macrame-\u00f6rh\u00e4ngen"},"content":{"rendered":"<p>Ge din look en touch av bohemisk charm med dessa vackra macrame\u00f6rh\u00e4ngen med senapsf\u00e4rg. De \u00e4r omsorgsfullt handgjorda med slitstarka nylonrep och gnistrande kristallglasp\u00e4rlor och ger elegans och kreativitet till alla outfits.<\/p>\n<p><strong>Viktiga egenskaper:<\/strong><\/p>\n<ul>\n<li><strong>Material:<\/strong> H\u00f6gkvalitativt nylonrep och kristallglasp\u00e4rlor.<\/li>\n<li><strong>Stil:<\/strong> Perfekt f\u00f6r boho- och hippieinspirerade looks.<\/li>\n<li><strong>L\u00e4ngd:<\/strong> 4 cm - l\u00e4tt och bekv\u00e4m f\u00f6r vardagsbruk.<\/li>\n<\/ul>\n<p>Dessa l\u00e5nga macrame-\u00f6rh\u00e4ngen \u00e4r tillverkade med precision i micromacrameteknik, vilket ger en unik och konstn\u00e4rlig design.<\/p>\n","protected":false},"excerpt":{"rendered":"<p>Ge din look en touch av bohemisk charm med dessa vackra macrame\u00f6rh\u00e4ngen med senapsf\u00e4rg. De \u00e4r omsorgsfullt handgjorda med slitstarka nylonrep och gnistrande kristallglasp\u00e4rlor och ger elegans och kreativitet till alla outfits.<\/p>\n","protected":false},"featured_media":1042,"comment_status":"open","ping_status":"closed","template":"","meta":[],"product_cat":[56],"product_tag":[],"class_list":{"0":"post-1247","1":"product","2":"type-product","3":"status-publish","4":"has-post-thumbnail","6":"product_cat-orhangen","8":"first","9":"instock","10":"shipping-taxable","11":"product-type-external"},"_links":{"self":[{"href":"https:\/\/modishhandmade.com\/sv\/wp-json\/wp\/v2\/product\/1247","targetHints":{"allow":["GET"]}}],"collection":[{"href":"https:\/\/modishhandmade.com\/sv\/wp-json\/wp\/v2\/product"}],"about":[{"href":"https:\/\/modishhandmade.com\/sv\/wp-json\/wp\/v2\/types\/product"}],"replies":[{"embeddable":true,"href":"https:\/\/modishhandmade.com\/sv\/wp-json\/wp\/v2\/comments?post=1247"}],"wp:featuredmedia":[{"embeddable":true,"href":"https:\/\/modishhandmade.com\/sv\/wp-json\/wp\/v2\/media\/1042"}],"wp:attachment":[{"href":"https:\/\/modishhandmade.com\/sv\/wp-json\/wp\/v2\/media?parent=1247"}],"wp:term":[{"taxonomy":"product_cat","embeddable":true,"href":"https:\/\/modishhandmade.com\/sv\/wp-json\/wp\/v2\/product_cat?post=1247"},{"taxonomy":"product_tag","embeddable":true,"href":"https:\/\/modishhandmade.com\/sv\/wp-json\/wp\/v2\/product_tag?post=1247"}],"curies":[{"name":"wp","href":"https:\/\/api.w.org\/{rel}","templated":true}]}}