{"id":1246,"date":"2025-01-08T15:11:48","date_gmt":"2025-01-08T15:11:48","guid":{"rendered":"https:\/\/modishhandmade.com\/product\/makrameorhangen-med-bla-och-guldparlor\/"},"modified":"2025-01-08T15:11:48","modified_gmt":"2025-01-08T15:11:48","slug":"makrameorhangen-med-bla-och-guldparlor","status":"publish","type":"product","link":"https:\/\/modishhandmade.com\/sv\/product\/makrameorhangen-med-bla-och-guldparlor\/","title":{"rendered":"Makram\u00e9\u00f6rh\u00e4ngen med bl\u00e5 och guldp\u00e4rlor"},"content":{"rendered":"<p>F\u00f6rh\u00f6j din stil med dessa fantastiska makram\u00e9\u00f6rh\u00e4ngen i bl\u00e5tt och guld. De \u00e4r handgjorda med omsorg och har intrikata micromacrame-m\u00f6nster och gnistrande kristallglasp\u00e4rlor, vilket g\u00f6r dem till en perfekt accessoar f\u00f6r alla tillf\u00e4llen.<\/p>\n<p>Produktinformation:<\/p>\n<ul>\n<li><strong>Material:<\/strong> Slitstarkt nylonrep och skimrande kristallglasp\u00e4rlor.<\/li>\n<li><strong>Stil:<\/strong> Bohemisk och hippieinspirerad design.<\/li>\n<li><strong>L\u00e4ngd:<\/strong> 4 cm - l\u00e4tt och bekv\u00e4m att b\u00e4ra.<\/li>\n<\/ul>\n<p>Dessa makram\u00e9\u00f6rh\u00e4ngen med p\u00e4rlor kombinerar elegans med en touch av frimodig charm. Perfekt f\u00f6r att ge din outfit en f\u00e4rgklick och en kreativ touch.<\/p>\n","protected":false},"excerpt":{"rendered":"<p>F\u00f6rh\u00f6j din stil med dessa fantastiska makram\u00e9\u00f6rh\u00e4ngen i bl\u00e5tt och guld. De \u00e4r handgjorda med omsorg och har intrikata micromacrame-m\u00f6nster och gnistrande kristallglasp\u00e4rlor, vilket g\u00f6r dem till en perfekt accessoar f\u00f6r alla tillf\u00e4llen.<\/p>\n","protected":false},"featured_media":1053,"comment_status":"open","ping_status":"closed","template":"","meta":[],"product_cat":[56],"product_tag":[],"class_list":{"0":"post-1246","1":"product","2":"type-product","3":"status-publish","4":"has-post-thumbnail","6":"product_cat-orhangen","8":"first","9":"instock","10":"shipping-taxable","11":"product-type-external"},"_links":{"self":[{"href":"https:\/\/modishhandmade.com\/sv\/wp-json\/wp\/v2\/product\/1246","targetHints":{"allow":["GET"]}}],"collection":[{"href":"https:\/\/modishhandmade.com\/sv\/wp-json\/wp\/v2\/product"}],"about":[{"href":"https:\/\/modishhandmade.com\/sv\/wp-json\/wp\/v2\/types\/product"}],"replies":[{"embeddable":true,"href":"https:\/\/modishhandmade.com\/sv\/wp-json\/wp\/v2\/comments?post=1246"}],"wp:featuredmedia":[{"embeddable":true,"href":"https:\/\/modishhandmade.com\/sv\/wp-json\/wp\/v2\/media\/1053"}],"wp:attachment":[{"href":"https:\/\/modishhandmade.com\/sv\/wp-json\/wp\/v2\/media?parent=1246"}],"wp:term":[{"taxonomy":"product_cat","embeddable":true,"href":"https:\/\/modishhandmade.com\/sv\/wp-json\/wp\/v2\/product_cat?post=1246"},{"taxonomy":"product_tag","embeddable":true,"href":"https:\/\/modishhandmade.com\/sv\/wp-json\/wp\/v2\/product_tag?post=1246"}],"curies":[{"name":"wp","href":"https:\/\/api.w.org\/{rel}","templated":true}]}}