{"id":1245,"date":"2025-01-08T15:27:03","date_gmt":"2025-01-08T15:27:03","guid":{"rendered":"https:\/\/modishhandmade.com\/product\/gra-macrame-dinglande-orhangen\/"},"modified":"2025-11-20T19:02:12","modified_gmt":"2025-11-20T19:02:12","slug":"gra-macrame-dinglande-orhangen","status":"publish","type":"product","link":"https:\/\/modishhandmade.com\/sv\/product\/gra-macrame-dinglande-orhangen\/","title":{"rendered":"Gr\u00e5 Macrame dinglande \u00f6rh\u00e4ngen"},"content":{"rendered":"<p>L\u00e4gg till en touch av elegans och kreativitet till din outfit med dessa gr\u00e5a macrame-\u00f6rh\u00e4ngen. De \u00e4r omsorgsfullt handgjorda med slitstarkt nylonrep och gnistrande glaskristallp\u00e4rlor och \u00e4r designade f\u00f6r dem som \u00e4lskar unika, konstn\u00e4rliga accessoarer.<\/p>\n<p><strong>Produktinformation:<\/strong><\/p>\n<ul>\n<li><strong>Material:<\/strong> H\u00f6gkvalitativt nylonrep, glaskristallp\u00e4rlor och handgjorda kopparkrokar.<\/li>\n<li><strong>Stil:<\/strong> Bohemisk och hippieinspirerad design, perfekt f\u00f6r avslappnade och festliga looks.<\/li>\n<li><strong>Storlek:<\/strong> H\u00e4ngets l\u00e4ngd - 4 cm (1,57&#8243;), bredd - 2,5 cm (0,98&#8243;).<\/li>\n<li><strong>L\u00e4ttviktiga:<\/strong> De v\u00e4ger bara 4 gram och \u00e4r bekv\u00e4ma att b\u00e4ra hela dagen.<\/li>\n<\/ul>\n<p>Dessa \u00f6rh\u00e4ngen med micromacrame \u00e4r perfekta f\u00f6r att ge en subtil charm till varje outfit. Perfekt som present eller en personlig behandling!<\/p>\n","protected":false},"excerpt":{"rendered":"<p>L\u00e4gg till en touch av elegans och kreativitet till din outfit med dessa gr\u00e5a macrame-\u00f6rh\u00e4ngen. De \u00e4r omsorgsfullt handgjorda med slitstarkt nylonrep och gnistrande glaskristallp\u00e4rlor och \u00e4r designade f\u00f6r dem som \u00e4lskar unika, konstn\u00e4rliga accessoarer.<\/p>\n","protected":false},"featured_media":1084,"comment_status":"open","ping_status":"closed","template":"","meta":[],"product_cat":[56],"product_tag":[],"class_list":{"0":"post-1245","1":"product","2":"type-product","3":"status-publish","4":"has-post-thumbnail","6":"product_cat-orhangen","8":"first","9":"instock","10":"sale","11":"shipping-taxable","12":"product-type-external"},"_links":{"self":[{"href":"https:\/\/modishhandmade.com\/sv\/wp-json\/wp\/v2\/product\/1245","targetHints":{"allow":["GET"]}}],"collection":[{"href":"https:\/\/modishhandmade.com\/sv\/wp-json\/wp\/v2\/product"}],"about":[{"href":"https:\/\/modishhandmade.com\/sv\/wp-json\/wp\/v2\/types\/product"}],"replies":[{"embeddable":true,"href":"https:\/\/modishhandmade.com\/sv\/wp-json\/wp\/v2\/comments?post=1245"}],"wp:featuredmedia":[{"embeddable":true,"href":"https:\/\/modishhandmade.com\/sv\/wp-json\/wp\/v2\/media\/1084"}],"wp:attachment":[{"href":"https:\/\/modishhandmade.com\/sv\/wp-json\/wp\/v2\/media?parent=1245"}],"wp:term":[{"taxonomy":"product_cat","embeddable":true,"href":"https:\/\/modishhandmade.com\/sv\/wp-json\/wp\/v2\/product_cat?post=1245"},{"taxonomy":"product_tag","embeddable":true,"href":"https:\/\/modishhandmade.com\/sv\/wp-json\/wp\/v2\/product_tag?post=1245"}],"curies":[{"name":"wp","href":"https:\/\/api.w.org\/{rel}","templated":true}]}}