{"id":1244,"date":"2025-01-08T15:47:35","date_gmt":"2025-01-08T15:47:35","guid":{"rendered":"https:\/\/modishhandmade.com\/product\/langa-bruna-makrameorhangen-med-ringar\/"},"modified":"2025-01-08T15:47:35","modified_gmt":"2025-01-08T15:47:35","slug":"langa-bruna-makrameorhangen-med-ringar","status":"publish","type":"product","link":"https:\/\/modishhandmade.com\/sv\/product\/langa-bruna-makrameorhangen-med-ringar\/","title":{"rendered":"L\u00e5nga bruna makram\u00e9\u00f6rh\u00e4ngen med ringar"},"content":{"rendered":"<p>De h\u00e4r handgjorda makram\u00e9-\u00f6rh\u00e4ngena \u00e4r den perfekta kombinationen av bohemisk charm och hippieelegans. De \u00e4r designade f\u00f6r att sticka ut och ger en unik touch av konstn\u00e4rlighet till varje outfit.<\/p>\n<p><strong>Premiummaterial<\/strong><br \/>\n\u00d6rh\u00e4ngena \u00e4r tillverkade av slitstarkt nylonrep och skimrande kristallglasp\u00e4rlor och \u00e4r l\u00e4tta men \u00e4nd\u00e5 robusta. Makram\u00e9tekniken ger en intrikat textur som framh\u00e4ver den handgjorda kvaliteten och garanterar en distinkt accessoar till din kollektion.<\/p>\n<p><strong>Eleganta m\u00e5tt<\/strong><br \/>\nMed en total l\u00e4ngd p\u00e5 5 cm (1,97 inches) \u00e4r dessa \u00f6rh\u00e4ngen tillr\u00e4ckligt l\u00e5nga f\u00f6r att g\u00f6ra ett statement men samtidigt tillr\u00e4ckligt diskreta f\u00f6r att kunna b\u00e4ras varje dag. Den harmoniska blandningen av jordiga bruna toner och m\u00f6rkgr\u00f6na accenter skapar ett naturligt och tidl\u00f6st intryck.<\/p>\n<p><strong>M\u00e5ngsidig stil<\/strong><br \/>\nDessa \u00f6rh\u00e4ngen \u00e4r perfekta f\u00f6r boho-entusiaster och kompletterar avslappnade looks, festivaloutfits och \u00e4ven mer polerade ensembler. Oavsett om du kombinerar dem med en blommig kl\u00e4nning eller en enkel topp och jeans kommer de att lyfta din stil utan anstr\u00e4ngning.<\/p>\n<p><strong>Sk\u00f6tselr\u00e5d<\/strong><br \/>\nUndvik l\u00e5ngvarig exponering f\u00f6r vatten eller starka kemikalier f\u00f6r att bevara deras sk\u00f6nhet.<\/p>\n<p>Om du har n\u00e5gra fr\u00e5gor eller specifika \u00f6nskem\u00e5l, tveka inte att h\u00f6ra av dig. De h\u00e4r \u00f6rh\u00e4ngena \u00e4r en perfekt present till dig sj\u00e4lv eller n\u00e5gon annan som uppskattar handgjort hantverk och unik design.<\/p>\n","protected":false},"excerpt":{"rendered":"<p>De h\u00e4r handgjorda makram\u00e9-\u00f6rh\u00e4ngena \u00e4r den perfekta kombinationen av bohemisk charm och hippieelegans. De \u00e4r designade f\u00f6r att sticka ut och ger en unik touch av konstn\u00e4rlighet till varje outfit.<\/p>\n","protected":false},"featured_media":1098,"comment_status":"open","ping_status":"closed","template":"","meta":[],"product_cat":[56],"product_tag":[],"class_list":{"0":"post-1244","1":"product","2":"type-product","3":"status-publish","4":"has-post-thumbnail","6":"product_cat-orhangen","8":"first","9":"instock","10":"shipping-taxable","11":"product-type-external"},"_links":{"self":[{"href":"https:\/\/modishhandmade.com\/sv\/wp-json\/wp\/v2\/product\/1244","targetHints":{"allow":["GET"]}}],"collection":[{"href":"https:\/\/modishhandmade.com\/sv\/wp-json\/wp\/v2\/product"}],"about":[{"href":"https:\/\/modishhandmade.com\/sv\/wp-json\/wp\/v2\/types\/product"}],"replies":[{"embeddable":true,"href":"https:\/\/modishhandmade.com\/sv\/wp-json\/wp\/v2\/comments?post=1244"}],"wp:featuredmedia":[{"embeddable":true,"href":"https:\/\/modishhandmade.com\/sv\/wp-json\/wp\/v2\/media\/1098"}],"wp:attachment":[{"href":"https:\/\/modishhandmade.com\/sv\/wp-json\/wp\/v2\/media?parent=1244"}],"wp:term":[{"taxonomy":"product_cat","embeddable":true,"href":"https:\/\/modishhandmade.com\/sv\/wp-json\/wp\/v2\/product_cat?post=1244"},{"taxonomy":"product_tag","embeddable":true,"href":"https:\/\/modishhandmade.com\/sv\/wp-json\/wp\/v2\/product_tag?post=1244"}],"curies":[{"name":"wp","href":"https:\/\/api.w.org\/{rel}","templated":true}]}}