{"id":1243,"date":"2025-01-08T15:52:53","date_gmt":"2025-01-08T15:52:53","guid":{"rendered":"https:\/\/modishhandmade.com\/product\/langa-roda-micromacrame-orhangen\/"},"modified":"2025-01-08T15:52:53","modified_gmt":"2025-01-08T15:52:53","slug":"langa-roda-micromacrame-orhangen","status":"publish","type":"product","link":"https:\/\/modishhandmade.com\/sv\/product\/langa-roda-micromacrame-orhangen\/","title":{"rendered":"L\u00e5nga r\u00f6da micromacrame-\u00f6rh\u00e4ngen"},"content":{"rendered":"<p>Ge din garderob en f\u00e4rgklick och en konstn\u00e4rlig k\u00e4nsla med dessa vackra l\u00e5nga r\u00f6da micromacrame-\u00f6rh\u00e4ngen. Det komplicerade hantverket och den bohemiska stilen g\u00f6r dem till ett m\u00e5ste f\u00f6r mode\u00e4lskare med ett fritt sinne.<\/p>\n<p><strong>Premiummaterial<\/strong><br \/>\nDessa \u00f6rh\u00e4ngen \u00e4r tillverkade av h\u00f6gkvalitativt nylonrep och glittrande kristallglasp\u00e4rlor och \u00e4r b\u00e5de l\u00e4tta och h\u00e5llbara. Den livfulla r\u00f6da nyansen och den delikata makram\u00e9tekniken skapar en harmonisk blandning av elegans och dj\u00e4rvhet.<\/p>\n<p><strong>Bekv\u00e4ma och snygga M\u00e5tt<\/strong><br \/>\nMed en l\u00e4ngd p\u00e5 4 cm (1,57 tum) \u00e4r dessa \u00f6rh\u00e4ngen utformade f\u00f6r att g\u00f6ra ett statement samtidigt som de \u00e4r l\u00e4tta och bekv\u00e4ma. Dubbstickningen ger en s\u00e4ker passform och g\u00f6r dem perfekta att b\u00e4ra hela dagen.<\/p>\n<p><strong>M\u00e5ngsidig design<\/strong><br \/>\nOavsett om du kl\u00e4r upp dig f\u00f6r en festival, en avslappnad utflykt eller ett speciellt tillf\u00e4lle, ger dessa \u00f6rh\u00e4ngen en unik touch till varje ensemble. Kombinera dem med fl\u00f6dande kl\u00e4nningar, jordn\u00e4ra toner eller till och med moderna minimalistiska outfits f\u00f6r en hint av boho-charm.<\/p>\n<p><strong>Sk\u00f6tselr\u00e5d<\/strong><br \/>\nF\u00f6rvara \u00f6rh\u00e4ngena torrt och undvik att uts\u00e4tta dem f\u00f6r vatten eller kemikalier s\u00e5 att de h\u00e5ller sig vackra.<\/p>\n<p>Kontakta oss g\u00e4rna om du har n\u00e5gra fr\u00e5gor eller s\u00e4rskilda \u00f6nskem\u00e5l. Omfamna de handgjorda smyckenas konstn\u00e4rskap och l\u00e5t dessa fantastiska \u00f6rh\u00e4ngen f\u00f6rst\u00e4rka din bohemiskt inspirerade stil!<\/p>\n","protected":false},"excerpt":{"rendered":"<p>Ge din garderob en f\u00e4rgklick och en konstn\u00e4rlig k\u00e4nsla med dessa vackra l\u00e5nga r\u00f6da micromacrame-\u00f6rh\u00e4ngen. Det komplicerade hantverket och den bohemiska stilen g\u00f6r dem till ett m\u00e5ste f\u00f6r mode\u00e4lskare med ett fritt sinne.<\/p>\n","protected":false},"featured_media":1106,"comment_status":"open","ping_status":"closed","template":"","meta":[],"product_cat":[56],"product_tag":[],"class_list":{"0":"post-1243","1":"product","2":"type-product","3":"status-publish","4":"has-post-thumbnail","6":"product_cat-orhangen","8":"first","9":"instock","10":"shipping-taxable","11":"product-type-external"},"_links":{"self":[{"href":"https:\/\/modishhandmade.com\/sv\/wp-json\/wp\/v2\/product\/1243","targetHints":{"allow":["GET"]}}],"collection":[{"href":"https:\/\/modishhandmade.com\/sv\/wp-json\/wp\/v2\/product"}],"about":[{"href":"https:\/\/modishhandmade.com\/sv\/wp-json\/wp\/v2\/types\/product"}],"replies":[{"embeddable":true,"href":"https:\/\/modishhandmade.com\/sv\/wp-json\/wp\/v2\/comments?post=1243"}],"wp:featuredmedia":[{"embeddable":true,"href":"https:\/\/modishhandmade.com\/sv\/wp-json\/wp\/v2\/media\/1106"}],"wp:attachment":[{"href":"https:\/\/modishhandmade.com\/sv\/wp-json\/wp\/v2\/media?parent=1243"}],"wp:term":[{"taxonomy":"product_cat","embeddable":true,"href":"https:\/\/modishhandmade.com\/sv\/wp-json\/wp\/v2\/product_cat?post=1243"},{"taxonomy":"product_tag","embeddable":true,"href":"https:\/\/modishhandmade.com\/sv\/wp-json\/wp\/v2\/product_tag?post=1243"}],"curies":[{"name":"wp","href":"https:\/\/api.w.org\/{rel}","templated":true}]}}