{"id":1242,"date":"2025-01-08T15:30:03","date_gmt":"2025-01-08T15:30:03","guid":{"rendered":"https:\/\/modishhandmade.com\/product\/smaragdgrona-makrameorhangen-med-ringar\/"},"modified":"2025-01-08T15:30:03","modified_gmt":"2025-01-08T15:30:03","slug":"smaragdgrona-makrameorhangen-med-ringar","status":"publish","type":"product","link":"https:\/\/modishhandmade.com\/sv\/product\/smaragdgrona-makrameorhangen-med-ringar\/","title":{"rendered":"Smaragdgr\u00f6na makram\u00e9\u00f6rh\u00e4ngen med ringar"},"content":{"rendered":"<p>Ge din look ett st\u00e4nk av elegans och f\u00e4rg med dessa m\u00f6rkgr\u00f6na makram\u00e9\u00f6rh\u00e4ngen. De har intrikata handknutna m\u00f6nster och blandar bohemisk charm med modern stil, vilket g\u00f6r dem till en m\u00e5ngsidig accessoar f\u00f6r alla tillf\u00e4llen.<\/p>\n<p><strong>Produktinformation:<\/strong><\/p>\n<ul>\n<li><strong>Material:<\/strong> Slitstarkt nylonrep, skimrande glasp\u00e4rlor och silverkrokar.<\/li>\n<li><strong>Stil:<\/strong> Boho- och hippieinspirerad f\u00f6r en avslappnad men \u00e4nd\u00e5 stilfull atmosf\u00e4r.<\/li>\n<li><strong>Storlek:<\/strong> L\u00e4ngd - 4 cm (1,57&#8243;), bredd - 1,7 cm (0,67&#8243;).<\/li>\n<li><strong>L\u00e4ttviktsdesign:<\/strong> Bekv\u00e4m att b\u00e4ra hela dagen utan att tynga ner dig.<\/li>\n<\/ul>\n<p>Dessa smaragd\u00f6rh\u00e4ngen \u00e4r perfekta f\u00f6r avslappnade outfits, festivaler eller som en omt\u00e4nksam g\u00e5va till n\u00e5gon speciell.<\/p>\n","protected":false},"excerpt":{"rendered":"<p>Ge din look ett st\u00e4nk av elegans och f\u00e4rg med dessa m\u00f6rkgr\u00f6na makram\u00e9\u00f6rh\u00e4ngen. De har intrikata handknutna m\u00f6nster och blandar bohemisk charm med modern stil, vilket g\u00f6r dem till en m\u00e5ngsidig accessoar f\u00f6r alla tillf\u00e4llen.<\/p>\n","protected":false},"featured_media":1073,"comment_status":"open","ping_status":"closed","template":"","meta":[],"product_cat":[56],"product_tag":[],"class_list":{"0":"post-1242","1":"product","2":"type-product","3":"status-publish","4":"has-post-thumbnail","6":"product_cat-orhangen","8":"first","9":"instock","10":"shipping-taxable","11":"product-type-external"},"_links":{"self":[{"href":"https:\/\/modishhandmade.com\/sv\/wp-json\/wp\/v2\/product\/1242","targetHints":{"allow":["GET"]}}],"collection":[{"href":"https:\/\/modishhandmade.com\/sv\/wp-json\/wp\/v2\/product"}],"about":[{"href":"https:\/\/modishhandmade.com\/sv\/wp-json\/wp\/v2\/types\/product"}],"replies":[{"embeddable":true,"href":"https:\/\/modishhandmade.com\/sv\/wp-json\/wp\/v2\/comments?post=1242"}],"wp:featuredmedia":[{"embeddable":true,"href":"https:\/\/modishhandmade.com\/sv\/wp-json\/wp\/v2\/media\/1073"}],"wp:attachment":[{"href":"https:\/\/modishhandmade.com\/sv\/wp-json\/wp\/v2\/media?parent=1242"}],"wp:term":[{"taxonomy":"product_cat","embeddable":true,"href":"https:\/\/modishhandmade.com\/sv\/wp-json\/wp\/v2\/product_cat?post=1242"},{"taxonomy":"product_tag","embeddable":true,"href":"https:\/\/modishhandmade.com\/sv\/wp-json\/wp\/v2\/product_tag?post=1242"}],"curies":[{"name":"wp","href":"https:\/\/api.w.org\/{rel}","templated":true}]}}