{"id":1241,"date":"2025-01-09T08:19:34","date_gmt":"2025-01-09T08:19:34","guid":{"rendered":"https:\/\/modishhandmade.com\/product\/set-om-3-makramearmband\/"},"modified":"2025-10-12T00:49:14","modified_gmt":"2025-10-12T00:49:14","slug":"set-om-3-makramearmband","status":"publish","type":"product","link":"https:\/\/modishhandmade.com\/sv\/product\/set-om-3-makramearmband\/","title":{"rendered":"Set om 3 makram\u00e9armband"},"content":{"rendered":"<p>F\u00f6rb\u00e4ttra din accessoarsamling med denna livfulla upps\u00e4ttning av 3 handgjorda makramarmband, perfekt f\u00f6r alla kvinnor som uppskattar den boho chic stilen. Dessa f\u00e4rgglada v\u00e4nskapsarmband \u00e4r utformade f\u00f6r att ge ett st\u00e4nk av personlighet och charm till din vardagslook samtidigt som de \u00e4r tillr\u00e4ckligt m\u00e5ngsidiga f\u00f6r speciella tillf\u00e4llen.<\/p>\n<p>Varje armband \u00e4r tillverkat med precision och har ett slitstarkt nylonrep som \u00e4r sammanfl\u00e4tat med fina kristallglasp\u00e4rlor f\u00f6r en sofistikerad men \u00e4nd\u00e5 lekfull finish. Metallknapparna ger en funktionell och elegant touch och s\u00e4kerst\u00e4ller en s\u00e4ker passform och enkel anv\u00e4ndning.<\/p>\n<p><strong>Viktiga egenskaper:<\/strong><\/p>\n<ul>\n<li><strong>Material:<\/strong> H\u00f6gkvalitativt nylonrep, kristallglasp\u00e4rlor och h\u00e5llbara metallknappar f\u00f6r l\u00e5ng livsl\u00e4ngd och stil.<\/li>\n<li><strong>Justerbara storlekar:<\/strong> Utformad f\u00f6r att passa handleder med en diameter p\u00e5 16 cm (2,36&#8243;), med m\u00f6jlighet att v\u00e4lja en anpassad storlek f\u00f6r perfekt passform.<\/li>\n<li><strong>Unik design:<\/strong> Varje armband \u00e4r intrikat v\u00e4vt f\u00f6r hand, vilket g\u00f6r varje bit unik. De livfulla f\u00e4rgerna och den bohemiska stilen g\u00f6r dessa armband till en perfekt present eller personlig accessoar.<\/li>\n<\/ul>\n<p>Oavsett om du vill komplettera din avslappnade outfit eller l\u00e4gga till en touch av elegans till en kl\u00e4dd ensemble, \u00e4r denna upps\u00e4ttning makramarmband det perfekta valet. Den f\u00e4rgglada designen f\u00f6rkroppsligar v\u00e4nskap och kreativitet, vilket g\u00f6r att det inte bara \u00e4r ett smycke utan en symbol f\u00f6r samh\u00f6righet och gl\u00e4dje.<\/p>\n<p>L\u00e5t dessa armband inspirera din stil och ber\u00e4tta din historia. Perfekt som present till n\u00e4ra och k\u00e4ra eller f\u00f6r dig sj\u00e4lv!<\/p>\n","protected":false},"excerpt":{"rendered":"<p>F\u00f6rb\u00e4ttra din accessoarsamling med denna livfulla upps\u00e4ttning av 3 handgjorda makramarmband, perfekt f\u00f6r alla kvinnor som uppskattar den boho chic stilen. Dessa f\u00e4rgglada v\u00e4nskapsarmband \u00e4r utformade f\u00f6r att ge ett st\u00e4nk av personlighet och charm till din vardagslook samtidigt som de \u00e4r tillr\u00e4ckligt m\u00e5ngsidiga f\u00f6r speciella tillf\u00e4llen.<\/p>\n","protected":false},"featured_media":1153,"comment_status":"open","ping_status":"closed","template":"","meta":[],"product_cat":[58],"product_tag":[],"class_list":{"0":"post-1241","1":"product","2":"type-product","3":"status-publish","4":"has-post-thumbnail","6":"product_cat-armband","8":"first","9":"instock","10":"shipping-taxable","11":"product-type-external"},"_links":{"self":[{"href":"https:\/\/modishhandmade.com\/sv\/wp-json\/wp\/v2\/product\/1241","targetHints":{"allow":["GET"]}}],"collection":[{"href":"https:\/\/modishhandmade.com\/sv\/wp-json\/wp\/v2\/product"}],"about":[{"href":"https:\/\/modishhandmade.com\/sv\/wp-json\/wp\/v2\/types\/product"}],"replies":[{"embeddable":true,"href":"https:\/\/modishhandmade.com\/sv\/wp-json\/wp\/v2\/comments?post=1241"}],"wp:featuredmedia":[{"embeddable":true,"href":"https:\/\/modishhandmade.com\/sv\/wp-json\/wp\/v2\/media\/1153"}],"wp:attachment":[{"href":"https:\/\/modishhandmade.com\/sv\/wp-json\/wp\/v2\/media?parent=1241"}],"wp:term":[{"taxonomy":"product_cat","embeddable":true,"href":"https:\/\/modishhandmade.com\/sv\/wp-json\/wp\/v2\/product_cat?post=1241"},{"taxonomy":"product_tag","embeddable":true,"href":"https:\/\/modishhandmade.com\/sv\/wp-json\/wp\/v2\/product_tag?post=1241"}],"curies":[{"name":"wp","href":"https:\/\/api.w.org\/{rel}","templated":true}]}}