{"id":1240,"date":"2025-01-08T15:41:49","date_gmt":"2025-01-08T15:41:49","guid":{"rendered":"https:\/\/modishhandmade.com\/product\/burgundy-dinglande-orhangen-2\/"},"modified":"2025-01-08T15:41:49","modified_gmt":"2025-01-08T15:41:49","slug":"burgundy-dinglande-orhangen-2","status":"publish","type":"product","link":"https:\/\/modishhandmade.com\/sv\/product\/burgundy-dinglande-orhangen-2\/","title":{"rendered":"Burgundy dinglande \u00f6rh\u00e4ngen"},"content":{"rendered":"<p>F\u00f6rh\u00f6j din stil med dessa fantastiska vinr\u00f6da h\u00e4ngande \u00f6rh\u00e4ngen, en perfekt blandning av bohemisk charm och hippie-vibbar. Varje par \u00e4r omsorgsfullt handgjorda, vilket g\u00f6r dem till unika exemplar.<\/p>\n<p><strong>Material och design<\/strong><br \/>\nDessa \u00f6rh\u00e4ngen \u00e4r tillverkade av h\u00f6gkvalitativa material och har ett slitstarkt nylonrep, skimrande glaskristallp\u00e4rlor och handgjorda kopparringar. Den intrikata mikromacrame-designen framh\u00e4ver det hantverksm\u00e4ssiga utf\u00f6randet, medan den djupa vinr\u00f6da nyansen ger en touch av elegans till din look.<\/p>\n<p><strong>Perfekta m\u00e5tt<\/strong><br \/>\nMed en total l\u00e4ngd p\u00e5 4 cm (1,57 tum) och en bredd p\u00e5 3,2 cm (1,26 tum) \u00e4r dessa \u00f6rh\u00e4ngen utformade f\u00f6r att g\u00f6ra ett statement utan att k\u00e4nnas skrymmande. Med en vikt p\u00e5 endast 5 gram \u00e4r de l\u00e4tta och bekv\u00e4ma nog f\u00f6r att kunna anv\u00e4ndas hela dagen.<\/p>\n<p><strong>M\u00e5ngsidiga och unika<\/strong><br \/>\nDessa \u00f6rh\u00e4ngen \u00e4r perfekta f\u00f6r att ge en boho-k\u00e4nsla till avslappnade outfits eller komplettera mer formella looks med en touch av individualitet. Oavsett om du ska till en festival, en avslappnad utflykt eller ett speciellt tillf\u00e4lle kommer dessa \u00f6rh\u00e4ngen att f\u00f6rh\u00f6ja din ensemble p\u00e5 ett enkelt s\u00e4tt.<\/p>\n<p><strong>En anm\u00e4rkning om f\u00e4rger<\/strong><br \/>\nObservera att de faktiska f\u00e4rgerna kan skilja sig n\u00e5got fr\u00e5n vad du ser p\u00e5 din sk\u00e4rm p\u00e5 grund av bildsk\u00e4rmsinst\u00e4llningar utanf\u00f6r v\u00e5r kontroll.<\/p>\n<p>Om du har n\u00e5gra fr\u00e5gor eller s\u00e4rskilda \u00f6nskem\u00e5l, tveka inte att h\u00f6ra av dig. G\u00f6r dessa \u00f6rh\u00e4ngen till dina idag och njut av den perfekta blandningen av konstn\u00e4rskap och stil!<\/p>\n","protected":false},"excerpt":{"rendered":"<p>F\u00f6rh\u00f6j din stil med dessa fantastiska vinr\u00f6da h\u00e4ngande \u00f6rh\u00e4ngen, en perfekt blandning av bohemisk charm och hippie-vibbar. Varje par \u00e4r omsorgsfullt handgjorda, vilket g\u00f6r dem till unika exemplar.<\/p>\n","protected":false},"featured_media":1070,"comment_status":"open","ping_status":"closed","template":"","meta":[],"product_cat":[56],"product_tag":[],"class_list":{"0":"post-1240","1":"product","2":"type-product","3":"status-publish","4":"has-post-thumbnail","6":"product_cat-orhangen","8":"first","9":"instock","10":"shipping-taxable","11":"product-type-external"},"_links":{"self":[{"href":"https:\/\/modishhandmade.com\/sv\/wp-json\/wp\/v2\/product\/1240","targetHints":{"allow":["GET"]}}],"collection":[{"href":"https:\/\/modishhandmade.com\/sv\/wp-json\/wp\/v2\/product"}],"about":[{"href":"https:\/\/modishhandmade.com\/sv\/wp-json\/wp\/v2\/types\/product"}],"replies":[{"embeddable":true,"href":"https:\/\/modishhandmade.com\/sv\/wp-json\/wp\/v2\/comments?post=1240"}],"wp:featuredmedia":[{"embeddable":true,"href":"https:\/\/modishhandmade.com\/sv\/wp-json\/wp\/v2\/media\/1070"}],"wp:attachment":[{"href":"https:\/\/modishhandmade.com\/sv\/wp-json\/wp\/v2\/media?parent=1240"}],"wp:term":[{"taxonomy":"product_cat","embeddable":true,"href":"https:\/\/modishhandmade.com\/sv\/wp-json\/wp\/v2\/product_cat?post=1240"},{"taxonomy":"product_tag","embeddable":true,"href":"https:\/\/modishhandmade.com\/sv\/wp-json\/wp\/v2\/product_tag?post=1240"}],"curies":[{"name":"wp","href":"https:\/\/api.w.org\/{rel}","templated":true}]}}