{"id":1239,"date":"2025-01-08T15:32:54","date_gmt":"2025-01-08T15:32:54","guid":{"rendered":"https:\/\/modishhandmade.com\/product\/senap-macrame-orhangen-med-ringar\/"},"modified":"2025-01-08T15:32:54","modified_gmt":"2025-01-08T15:32:54","slug":"senap-macrame-orhangen-med-ringar","status":"publish","type":"product","link":"https:\/\/modishhandmade.com\/sv\/product\/senap-macrame-orhangen-med-ringar\/","title":{"rendered":"Senap Macrame \u00f6rh\u00e4ngen med ringar"},"content":{"rendered":"<p>Ge din outfit en f\u00e4rgklick med dessa \u00f6rh\u00e4ngen i senapsmakram\u00e9. De \u00e4r omsorgsfullt handgjorda med micromacrame-teknik och kombinerar bohemisk charm med modern elegans, vilket g\u00f6r dem perfekta f\u00f6r alla tillf\u00e4llen.<\/p>\n<p><strong>Produktinformation:<\/strong><\/p>\n<ul>\n<li><strong>Material:<\/strong> Slitstarkt nylonrep och gnistrande kristallglasp\u00e4rlor.<\/li>\n<li><strong>Stil:<\/strong> Bohemisk och hippieinspirerad design f\u00f6r en unik, konstn\u00e4rlig look.<\/li>\n<li><strong>Storlek:<\/strong> L\u00e4ngd - 4 cm (1,57&#8243;).<\/li>\n<li><strong>L\u00e4tt och bekv\u00e4m:<\/strong> L\u00e4tt att b\u00e4ra hela dagen utan att det k\u00e4nns tungt.<\/li>\n<\/ul>\n<p>Dessa handgjorda \u00f6rh\u00e4ngen \u00e4r perfekta f\u00f6r festivaler, avslappnade outfits eller som en omt\u00e4nksam present till n\u00e5gon speciell.<\/p>\n","protected":false},"excerpt":{"rendered":"<p>Ge din outfit en f\u00e4rgklick med dessa \u00f6rh\u00e4ngen i senapsmakram\u00e9. De \u00e4r omsorgsfullt handgjorda med micromacrame-teknik och kombinerar bohemisk charm med modern elegans, vilket g\u00f6r dem perfekta f\u00f6r alla tillf\u00e4llen.<\/p>\n","protected":false},"featured_media":1108,"comment_status":"open","ping_status":"closed","template":"","meta":[],"product_cat":[56],"product_tag":[],"class_list":{"0":"post-1239","1":"product","2":"type-product","3":"status-publish","4":"has-post-thumbnail","6":"product_cat-orhangen","8":"first","9":"instock","10":"shipping-taxable","11":"product-type-external"},"_links":{"self":[{"href":"https:\/\/modishhandmade.com\/sv\/wp-json\/wp\/v2\/product\/1239","targetHints":{"allow":["GET"]}}],"collection":[{"href":"https:\/\/modishhandmade.com\/sv\/wp-json\/wp\/v2\/product"}],"about":[{"href":"https:\/\/modishhandmade.com\/sv\/wp-json\/wp\/v2\/types\/product"}],"replies":[{"embeddable":true,"href":"https:\/\/modishhandmade.com\/sv\/wp-json\/wp\/v2\/comments?post=1239"}],"wp:featuredmedia":[{"embeddable":true,"href":"https:\/\/modishhandmade.com\/sv\/wp-json\/wp\/v2\/media\/1108"}],"wp:attachment":[{"href":"https:\/\/modishhandmade.com\/sv\/wp-json\/wp\/v2\/media?parent=1239"}],"wp:term":[{"taxonomy":"product_cat","embeddable":true,"href":"https:\/\/modishhandmade.com\/sv\/wp-json\/wp\/v2\/product_cat?post=1239"},{"taxonomy":"product_tag","embeddable":true,"href":"https:\/\/modishhandmade.com\/sv\/wp-json\/wp\/v2\/product_tag?post=1239"}],"curies":[{"name":"wp","href":"https:\/\/api.w.org\/{rel}","templated":true}]}}