{"id":1238,"date":"2025-01-08T15:38:00","date_gmt":"2025-01-08T15:38:00","guid":{"rendered":"https:\/\/modishhandmade.com\/product\/rosa-och-gra-makrameorhangen\/"},"modified":"2025-01-08T15:38:00","modified_gmt":"2025-01-08T15:38:00","slug":"rosa-och-gra-makrameorhangen","status":"publish","type":"product","link":"https:\/\/modishhandmade.com\/sv\/product\/rosa-och-gra-makrameorhangen\/","title":{"rendered":"Rosa och gr\u00e5 makram\u00e9\u00f6rh\u00e4ngen"},"content":{"rendered":"<p>L\u00e4gg till elegans och charm till din stil med dessa fina rosa och gr\u00e5 makram\u00e9\u00f6rh\u00e4ngen. De \u00e4r designade med omsorg och k\u00e4nsla f\u00f6r detaljer och har intrikata knutar och skimrande glasp\u00e4rlor, vilket g\u00f6r dem till en perfekt accessoar f\u00f6r alla tillf\u00e4llen. Deras kompakta storlek och l\u00e4tta design ger komfort hela dagen utan att kompromissa med stilen.<\/p>\n<p><strong>Produktinformation:<\/strong><\/p>\n<ul>\n<li><strong>Material:<\/strong> Slitstarkt nylonrep, glittrande glasp\u00e4rlor och silverkrokar f\u00f6r h\u00e5llbarhet och glans.<\/li>\n<li><strong>Stil:<\/strong> Bohemisk och hippieinspirerad, perfekt f\u00f6r att ge din look en konstn\u00e4rlig touch.<\/li>\n<li><strong>Storlek:<\/strong> L\u00e4ngd - 3 cm (1,18&#8243;), bredd - 1,5 cm (0,59&#8243;).<\/li>\n<li><strong>L\u00e4ttviktskomfort:<\/strong> Utformad f\u00f6r vardagsbruk utan att k\u00e4nnas tung.<\/li>\n<\/ul>\n<p><strong>Motivering:<\/strong><br \/>\nDessa sm\u00e5 \u00f6rh\u00e4ngen med mikromakramar passar perfekt till avslappnade kl\u00e4der, festliga tillst\u00e4llningar eller som en omt\u00e4nksam present till n\u00e5gon som \u00e4lskar handgjorda smycken. De mjuka rosa och gr\u00e5 tonerna ger en subtil men \u00e4nd\u00e5 elegant accent, vilket g\u00f6r dem l\u00e4tta att kombinera med olika looks - fr\u00e5n modern minimalism till frisinnad bohovibbar.<\/p>\n","protected":false},"excerpt":{"rendered":"<p>L\u00e4gg till elegans och charm till din stil med dessa fina rosa och gr\u00e5 makram\u00e9\u00f6rh\u00e4ngen. De \u00e4r designade med omsorg och k\u00e4nsla f\u00f6r detaljer och har intrikata knutar och skimrande glasp\u00e4rlor, vilket g\u00f6r dem till en perfekt accessoar f\u00f6r alla tillf\u00e4llen. Deras kompakta storlek och l\u00e4tta design ger komfort hela dagen utan att kompromissa med stilen.<\/p>\n","protected":false},"featured_media":1128,"comment_status":"open","ping_status":"closed","template":"","meta":[],"product_cat":[56],"product_tag":[],"class_list":{"0":"post-1238","1":"product","2":"type-product","3":"status-publish","4":"has-post-thumbnail","6":"product_cat-orhangen","8":"first","9":"instock","10":"shipping-taxable","11":"product-type-external"},"_links":{"self":[{"href":"https:\/\/modishhandmade.com\/sv\/wp-json\/wp\/v2\/product\/1238","targetHints":{"allow":["GET"]}}],"collection":[{"href":"https:\/\/modishhandmade.com\/sv\/wp-json\/wp\/v2\/product"}],"about":[{"href":"https:\/\/modishhandmade.com\/sv\/wp-json\/wp\/v2\/types\/product"}],"replies":[{"embeddable":true,"href":"https:\/\/modishhandmade.com\/sv\/wp-json\/wp\/v2\/comments?post=1238"}],"wp:featuredmedia":[{"embeddable":true,"href":"https:\/\/modishhandmade.com\/sv\/wp-json\/wp\/v2\/media\/1128"}],"wp:attachment":[{"href":"https:\/\/modishhandmade.com\/sv\/wp-json\/wp\/v2\/media?parent=1238"}],"wp:term":[{"taxonomy":"product_cat","embeddable":true,"href":"https:\/\/modishhandmade.com\/sv\/wp-json\/wp\/v2\/product_cat?post=1238"},{"taxonomy":"product_tag","embeddable":true,"href":"https:\/\/modishhandmade.com\/sv\/wp-json\/wp\/v2\/product_tag?post=1238"}],"curies":[{"name":"wp","href":"https:\/\/api.w.org\/{rel}","templated":true}]}}