{"id":1237,"date":"2025-01-08T15:31:43","date_gmt":"2025-01-08T15:31:43","guid":{"rendered":"https:\/\/modishhandmade.com\/product\/bla-makrameorhangen-med-ringar\/"},"modified":"2025-10-03T05:57:40","modified_gmt":"2025-10-03T05:57:40","slug":"bla-makrameorhangen-med-ringar","status":"publish","type":"product","link":"https:\/\/modishhandmade.com\/sv\/product\/bla-makrameorhangen-med-ringar\/","title":{"rendered":"Bl\u00e5 makram\u00e9\u00f6rh\u00e4ngen med ringar"},"content":{"rendered":"<p>F\u00f6rb\u00e4ttra din stil med dessa eleganta bl\u00e5 makram\u00e9\u00f6rh\u00e4ngen. De \u00e4r handgjorda med precision och har intrikata knutar och gnistrande glasp\u00e4rlor som skapar en perfekt blandning av bohemisk charm och modern elegans.<\/p>\n<p><strong>Produktinformation:<\/strong><\/p>\n<ul>\n<li><strong>Material:<\/strong> Kraftigt nylonrep, skimrande glasp\u00e4rlor och silverkrokar.<\/li>\n<li><strong>Stil:<\/strong> Boho- och hippieinspirerad design f\u00f6r en unik, konstn\u00e4rlig touch.<\/li>\n<li><strong>Storlek:<\/strong> L\u00e4ngd - 3 cm (1,18&#8243;), bredd - 1,5 cm (0,59&#8243;).<\/li>\n<li><strong>L\u00e4tt och bekv\u00e4m:<\/strong> Idealisk f\u00f6r att b\u00e4ra hela dagen utan obehag.<\/li>\n<\/ul>\n<p>Dessa \u00f6rh\u00e4ngen med micromacrame \u00e4r perfekta f\u00f6r vardagsoutfits, festivaler eller som en omt\u00e4nksam present till n\u00e5gon speciell.<\/p>\n","protected":false},"excerpt":{"rendered":"<p>F\u00f6rb\u00e4ttra din stil med dessa eleganta bl\u00e5 makram\u00e9\u00f6rh\u00e4ngen. De \u00e4r handgjorda med precision och har intrikata knutar och gnistrande glasp\u00e4rlor, vilket skapar en perfekt blandning av bohemisk charm och modern elegans.<\/p>\n","protected":false},"featured_media":1068,"comment_status":"open","ping_status":"closed","template":"","meta":[],"product_cat":[56],"product_tag":[],"class_list":{"0":"post-1237","1":"product","2":"type-product","3":"status-publish","4":"has-post-thumbnail","6":"product_cat-orhangen","8":"first","9":"instock","10":"sale","11":"shipping-taxable","12":"product-type-external"},"_links":{"self":[{"href":"https:\/\/modishhandmade.com\/sv\/wp-json\/wp\/v2\/product\/1237","targetHints":{"allow":["GET"]}}],"collection":[{"href":"https:\/\/modishhandmade.com\/sv\/wp-json\/wp\/v2\/product"}],"about":[{"href":"https:\/\/modishhandmade.com\/sv\/wp-json\/wp\/v2\/types\/product"}],"replies":[{"embeddable":true,"href":"https:\/\/modishhandmade.com\/sv\/wp-json\/wp\/v2\/comments?post=1237"}],"wp:featuredmedia":[{"embeddable":true,"href":"https:\/\/modishhandmade.com\/sv\/wp-json\/wp\/v2\/media\/1068"}],"wp:attachment":[{"href":"https:\/\/modishhandmade.com\/sv\/wp-json\/wp\/v2\/media?parent=1237"}],"wp:term":[{"taxonomy":"product_cat","embeddable":true,"href":"https:\/\/modishhandmade.com\/sv\/wp-json\/wp\/v2\/product_cat?post=1237"},{"taxonomy":"product_tag","embeddable":true,"href":"https:\/\/modishhandmade.com\/sv\/wp-json\/wp\/v2\/product_tag?post=1237"}],"curies":[{"name":"wp","href":"https:\/\/api.w.org\/{rel}","templated":true}]}}