{"id":1236,"date":"2025-01-08T15:44:26","date_gmt":"2025-01-08T15:44:26","guid":{"rendered":"https:\/\/modishhandmade.com\/product\/burgundy-dinglande-orhangen\/"},"modified":"2025-01-08T15:44:26","modified_gmt":"2025-01-08T15:44:26","slug":"burgundy-dinglande-orhangen","status":"publish","type":"product","link":"https:\/\/modishhandmade.com\/sv\/product\/burgundy-dinglande-orhangen\/","title":{"rendered":"Burgundy dinglande \u00f6rh\u00e4ngen"},"content":{"rendered":"<p>L\u00e4gg till en touch av bohemisk elegans i din smyckessamling med dessa uts\u00f6kta vinr\u00f6da h\u00e4ngande \u00f6rh\u00e4ngen. Dessa handgjorda plagg \u00e4r designade f\u00f6r \u00e4lskare av boho- och hippiestilar och \u00e4r perfekta f\u00f6r att g\u00f6ra ett subtilt men \u00e4nd\u00e5 effektfullt modeuttalande.<\/p>\n<p><strong>Material och hantverk<\/strong><br \/>\nVarje par \u00e4r omsorgsfullt tillverkat av h\u00f6gkvalitativt nylonrep, gnistrande glaskristallp\u00e4rlor och handgjorda kopparringar. Mikromacrame-tekniken ger en delikat, intrikat struktur till designen, vilket g\u00f6r dessa \u00f6rh\u00e4ngen till ett bevis p\u00e5 skickligt hantverk.<\/p>\n<p><strong>Elegant och l\u00e4tt design<\/strong><br \/>\nMed en total l\u00e4ngd p\u00e5 3 cm (1,18 tum) och en bredd p\u00e5 2,5 cm (0,98 tum) \u00e4r dessa \u00f6rh\u00e4ngen kompakta men \u00e4nd\u00e5 i\u00f6gonfallande. Med en vikt p\u00e5 endast 4 gram \u00e4r de l\u00e4tta och ger komfort \u00e4ven vid l\u00e4ngre anv\u00e4ndning.<\/p>\n<p><strong>M\u00e5ngsidiga och eleganta<\/strong><br \/>\nDe djupa vinr\u00f6da tonerna och de fina detaljerna g\u00f6r att dessa \u00f6rh\u00e4ngen passar f\u00f6r m\u00e5nga olika tillf\u00e4llen. Oavsett om du kl\u00e4r upp dig f\u00f6r en bohemisk festival, en avslappnad utflykt eller en romantisk kv\u00e4ll \u00e4r de den perfekta accessoaren f\u00f6r att lyfta din outfit.<\/p>\n<p><strong>Color Disclaimer<\/strong><br \/>\nObservera att p\u00e5 grund av skillnader i bildsk\u00e4rmsinst\u00e4llningar kan de faktiska f\u00e4rgerna variera n\u00e5got fr\u00e5n vad som visas p\u00e5 din sk\u00e4rm.<\/p>\n<p>Kontakta oss g\u00e4rna om du har n\u00e5gra fr\u00e5gor eller s\u00e4rskilda \u00f6nskem\u00e5l. Omfamna sk\u00f6nheten i handgjort konstn\u00e4rskap och g\u00f6r dessa \u00f6rh\u00e4ngen till en del av din unika stil idag!<\/p>\n","protected":false},"excerpt":{"rendered":"<p>L\u00e4gg till en touch av bohemisk elegans i din smyckessamling med dessa uts\u00f6kta vinr\u00f6da h\u00e4ngande \u00f6rh\u00e4ngen. Dessa handgjorda plagg \u00e4r designade f\u00f6r \u00e4lskare av boho- och hippiestilar och \u00e4r perfekta f\u00f6r att g\u00f6ra ett subtilt men \u00e4nd\u00e5 effektfullt modeuttalande.<\/p>\n","protected":false},"featured_media":1072,"comment_status":"open","ping_status":"closed","template":"","meta":[],"product_cat":[56],"product_tag":[],"class_list":{"0":"post-1236","1":"product","2":"type-product","3":"status-publish","4":"has-post-thumbnail","6":"product_cat-orhangen","8":"first","9":"instock","10":"shipping-taxable","11":"product-type-external"},"_links":{"self":[{"href":"https:\/\/modishhandmade.com\/sv\/wp-json\/wp\/v2\/product\/1236","targetHints":{"allow":["GET"]}}],"collection":[{"href":"https:\/\/modishhandmade.com\/sv\/wp-json\/wp\/v2\/product"}],"about":[{"href":"https:\/\/modishhandmade.com\/sv\/wp-json\/wp\/v2\/types\/product"}],"replies":[{"embeddable":true,"href":"https:\/\/modishhandmade.com\/sv\/wp-json\/wp\/v2\/comments?post=1236"}],"wp:featuredmedia":[{"embeddable":true,"href":"https:\/\/modishhandmade.com\/sv\/wp-json\/wp\/v2\/media\/1072"}],"wp:attachment":[{"href":"https:\/\/modishhandmade.com\/sv\/wp-json\/wp\/v2\/media?parent=1236"}],"wp:term":[{"taxonomy":"product_cat","embeddable":true,"href":"https:\/\/modishhandmade.com\/sv\/wp-json\/wp\/v2\/product_cat?post=1236"},{"taxonomy":"product_tag","embeddable":true,"href":"https:\/\/modishhandmade.com\/sv\/wp-json\/wp\/v2\/product_tag?post=1236"}],"curies":[{"name":"wp","href":"https:\/\/api.w.org\/{rel}","templated":true}]}}