{"id":1235,"date":"2025-01-09T08:39:59","date_gmt":"2025-01-09T08:39:59","guid":{"rendered":"https:\/\/modishhandmade.com\/product\/etniskt-halsband-och-orhangen-med-haklappar\/"},"modified":"2025-01-09T08:39:59","modified_gmt":"2025-01-09T08:39:59","slug":"etniskt-halsband-och-orhangen-med-haklappar","status":"publish","type":"product","link":"https:\/\/modishhandmade.com\/sv\/product\/etniskt-halsband-och-orhangen-med-haklappar\/","title":{"rendered":"Etniskt halsband och \u00f6rh\u00e4ngen med haklappar"},"content":{"rendered":"<p>F\u00f6rh\u00f6j din stil med detta fantastiska etniska halsband med haklapp och matchande \u00f6rh\u00e4ngen, designat f\u00f6r kvinnor som gillar bohemisk och hippieestetik. De jordn\u00e4ra tonerna av brunt och olivgr\u00f6nt, i kombination med handgjorda detaljer, g\u00f6r detta set till en accessoar som passar perfekt f\u00f6r alla tillf\u00e4llen.<\/p>\n<p>Halsbandet har handskulpterade h\u00e4ngen i polymerlera, som \u00e4r noggrant utformade f\u00f6r att visa upp invecklade etniskt inspirerade m\u00f6nster. Tillsammans med \u00f6rh\u00e4ngen med silveraccenter utstr\u00e5lar denna upps\u00e4ttning sofistikering samtidigt som den beh\u00e5ller en frisinnad charm. Den justerbara l\u00e4ngden (47-53 cm\/18,5-20,86 tum) g\u00f6r att halsbandet sitter vackert p\u00e5 halsen, och det mjuka nylonrepet k\u00e4nns bekv\u00e4mt att b\u00e4ra hela dagen.<\/p>\n<p><strong>Viktiga egenskaper:<\/strong><\/p>\n<ul>\n<li><strong>Material:<\/strong> Premium polymerlera (Fimo), glas, nylonrep och silver f\u00f6r en h\u00e5llbar och elegant finish.<\/li>\n<li><strong>Design:<\/strong> Halsbandet inneh\u00e5ller h\u00e4ngen som m\u00e4ter 4 cm x 3,5 cm (1,57 x 1,37 tum), medan \u00f6rh\u00e4ngena m\u00e4ter 2,5 cm (0,98 tum) i total l\u00e4ngd, vilket skapar en perfekt balanserad upps\u00e4ttning.<\/li>\n<li><strong>Justerbar passform:<\/strong> Anpassa halsbandets l\u00e4ngd f\u00f6r optimal komfort och stil.<\/li>\n<li><strong>Bekv\u00e4m att b\u00e4ra:<\/strong> Det mjuka nylonrepet \u00e4r skonsamt mot huden, vilket g\u00f6r det l\u00e4mpligt f\u00f6r daglig anv\u00e4ndning.<\/li>\n<\/ul>\n<p>Detta smyckesset i brunt och olivgr\u00f6nt \u00e4r perfekt f\u00f6r att ge din garderob en etnisk pr\u00e4gel. Oavsett om den kombineras med en avslappnad outfit eller en formell ensemble \u00e4r den en m\u00e5ngsidig accessoar som talar om din individualitet och k\u00e4rlek till unikt hantverk.<\/p>\n<p>Unna dig sj\u00e4lv eller \u00f6verraska n\u00e5gon speciell med detta handgjorda boho smyckesset, en perfekt present till f\u00f6delsedagar, \u00e5rsdagar eller helt enkelt som en gest av uppskattning. Hylla din unika stil och g\u00f6r varje outfit of\u00f6rgl\u00f6mlig!<\/p>\n","protected":false},"excerpt":{"rendered":"<p>F\u00f6rh\u00f6j din stil med detta fantastiska etniska halsband med haklapp och matchande \u00f6rh\u00e4ngen, designat f\u00f6r kvinnor som gillar bohemisk och hippieestetik. De jordn\u00e4ra tonerna av brunt och olivgr\u00f6nt, i kombination med handgjorda detaljer, g\u00f6r detta set till en accessoar som passar perfekt f\u00f6r alla tillf\u00e4llen.<\/p>\n<p>Halsbandet har handskulpterade h\u00e4ngen i polymerlera, som \u00e4r noggrant utformade f\u00f6r att visa upp invecklade etniskt inspirerade m\u00f6nster. Tillsammans med \u00f6rh\u00e4ngen med silveraccenter utstr\u00e5lar denna upps\u00e4ttning sofistikering samtidigt som den beh\u00e5ller en frisinnad charm. Den justerbara l\u00e4ngden (47-53 cm\/18,5-20,86 tum) g\u00f6r att halsbandet sitter vackert p\u00e5 halsen, och det mjuka nylonrepet k\u00e4nns bekv\u00e4mt att b\u00e4ra hela dagen.<\/p>\n","protected":false},"featured_media":1183,"comment_status":"open","ping_status":"closed","template":"","meta":[],"product_cat":[57],"product_tag":[],"class_list":{"0":"post-1235","1":"product","2":"type-product","3":"status-publish","4":"has-post-thumbnail","6":"product_cat-halsband","8":"first","9":"instock","10":"shipping-taxable","11":"product-type-external"},"_links":{"self":[{"href":"https:\/\/modishhandmade.com\/sv\/wp-json\/wp\/v2\/product\/1235","targetHints":{"allow":["GET"]}}],"collection":[{"href":"https:\/\/modishhandmade.com\/sv\/wp-json\/wp\/v2\/product"}],"about":[{"href":"https:\/\/modishhandmade.com\/sv\/wp-json\/wp\/v2\/types\/product"}],"replies":[{"embeddable":true,"href":"https:\/\/modishhandmade.com\/sv\/wp-json\/wp\/v2\/comments?post=1235"}],"wp:featuredmedia":[{"embeddable":true,"href":"https:\/\/modishhandmade.com\/sv\/wp-json\/wp\/v2\/media\/1183"}],"wp:attachment":[{"href":"https:\/\/modishhandmade.com\/sv\/wp-json\/wp\/v2\/media?parent=1235"}],"wp:term":[{"taxonomy":"product_cat","embeddable":true,"href":"https:\/\/modishhandmade.com\/sv\/wp-json\/wp\/v2\/product_cat?post=1235"},{"taxonomy":"product_tag","embeddable":true,"href":"https:\/\/modishhandmade.com\/sv\/wp-json\/wp\/v2\/product_tag?post=1235"}],"curies":[{"name":"wp","href":"https:\/\/api.w.org\/{rel}","templated":true}]}}