{"id":1233,"date":"2025-01-09T08:31:21","date_gmt":"2025-01-09T08:31:21","guid":{"rendered":"https:\/\/modishhandmade.com\/product\/orange-makramehalsband\/"},"modified":"2025-10-20T17:33:34","modified_gmt":"2025-10-20T17:33:34","slug":"orange-makramehalsband","status":"publish","type":"product","link":"https:\/\/modishhandmade.com\/sv\/product\/orange-makramehalsband\/","title":{"rendered":"Orange makram\u00e9halsband"},"content":{"rendered":"<p>Ge din garderob en touch av bohemisk charm med detta makram\u00e9halsband i livlig orange. Detta statement-halsband \u00e4r handgjort med invecklade detaljer och kombinerar dj\u00e4rva f\u00e4rger och unika texturer f\u00f6r att skapa ett unikt smycke som passar perfekt f\u00f6r kvinnor som \u00e4lskar boho- och hippiestilar.<\/p>\n<p>Halsbandet har handskulpterade chips av polymerlera, intrikat inv\u00e4vda i makram\u00e9designen tillsammans med glas- och tr\u00e4p\u00e4rlor. Den justerbara l\u00e4ngden (47-50 cm\/18,5-19,68 tum) garanterar en perfekt passform, medan det haklappsliknande h\u00e4nget (5,5 cm brett och 5 cm h\u00f6gt) ger en sl\u00e5ende fokuspunkt till alla outfits.<\/p>\n<p><strong>Viktiga egenskaper:<\/strong><\/p>\n<ul>\n<li><strong>Material:<\/strong> Tillverkad av slitstark polymerlera (Fimo), glas- och tr\u00e4p\u00e4rlor med ett mjukt nylonrep f\u00f6r \u00f6kad komfort.<\/li>\n<li><strong>Handgjort hantverk:<\/strong> Varje halsband tillverkas med omsorg och precision med hj\u00e4lp av makram\u00e9tekniken, vilket resulterar i ett unikt smycke.<\/li>\n<li><strong>Justerbar l\u00e4ngd:<\/strong> Anpassa enkelt passformen s\u00e5 att den passar din halsringning eller dina \u00f6nskem\u00e5l om lager p\u00e5 lager.<\/li>\n<li><strong>Bekv\u00e4m att b\u00e4ra:<\/strong> Det mjuka nylonrepet k\u00e4nns mjukt mot huden och g\u00f6r det l\u00e4mpligt att b\u00e4ra hela dagen.<\/li>\n<li><strong>Tillverkas p\u00e5 best\u00e4llning:<\/strong> G\u00f6r ditt halsband personligt, tillverkat p\u00e5 bara 5-7 dagar, vilket garanterar en verkligt unik accessoar skr\u00e4ddarsydd f\u00f6r din stil.<\/li>\n<\/ul>\n<p>Oavsett om du vill lyfta en avslappnad outfit eller g\u00f6ra ett dj\u00e4rvt uttalande p\u00e5 ett evenemang \u00e4r detta flerf\u00e4rgade makram\u00e9halsband det perfekta valet. Dess livfulla orange toner och handgjorda detaljer f\u00f6rkroppsligar kreativitet och individualitet, vilket g\u00f6r den till en utm\u00e4rkt present till dig sj\u00e4lv eller n\u00e5gon du tycker om.<\/p>\n<p>Fira din unika stil med detta fantastiska bib-halsband - ett m\u00e5ste f\u00f6r alla boho-smyckessamlingar!<\/p>\n","protected":false},"excerpt":{"rendered":"<p>Ge din garderob en touch av bohemisk charm med detta makram\u00e9halsband i livlig orange. Detta statement-halsband \u00e4r handgjort med invecklade detaljer och kombinerar dj\u00e4rva f\u00e4rger och unika texturer f\u00f6r att skapa ett unikt smycke som passar perfekt f\u00f6r kvinnor som \u00e4lskar boho- och hippiestilar.<\/p>\n<p>Halsbandet best\u00e5r av handskulpterade chips av polymerlera som \u00e4r intrikat inv\u00e4vda i makram\u00e9designen tillsammans med glas- och tr\u00e4p\u00e4rlor. Den justerbara l\u00e4ngden (47-50 cm\/18,5-19,68 tum) garanterar perfekt passform, medan det haklappsliknande h\u00e4nget (5,5 cm brett och 5 cm h\u00f6gt) ger en sl\u00e5ende fokuspunkt till alla outfits.<\/p>\n","protected":false},"featured_media":1172,"comment_status":"open","ping_status":"closed","template":"","meta":[],"product_cat":[57],"product_tag":[],"class_list":{"0":"post-1233","1":"product","2":"type-product","3":"status-publish","4":"has-post-thumbnail","6":"product_cat-halsband","8":"first","9":"instock","10":"shipping-taxable","11":"product-type-external"},"_links":{"self":[{"href":"https:\/\/modishhandmade.com\/sv\/wp-json\/wp\/v2\/product\/1233","targetHints":{"allow":["GET"]}}],"collection":[{"href":"https:\/\/modishhandmade.com\/sv\/wp-json\/wp\/v2\/product"}],"about":[{"href":"https:\/\/modishhandmade.com\/sv\/wp-json\/wp\/v2\/types\/product"}],"replies":[{"embeddable":true,"href":"https:\/\/modishhandmade.com\/sv\/wp-json\/wp\/v2\/comments?post=1233"}],"wp:featuredmedia":[{"embeddable":true,"href":"https:\/\/modishhandmade.com\/sv\/wp-json\/wp\/v2\/media\/1172"}],"wp:attachment":[{"href":"https:\/\/modishhandmade.com\/sv\/wp-json\/wp\/v2\/media?parent=1233"}],"wp:term":[{"taxonomy":"product_cat","embeddable":true,"href":"https:\/\/modishhandmade.com\/sv\/wp-json\/wp\/v2\/product_cat?post=1233"},{"taxonomy":"product_tag","embeddable":true,"href":"https:\/\/modishhandmade.com\/sv\/wp-json\/wp\/v2\/product_tag?post=1233"}],"curies":[{"name":"wp","href":"https:\/\/api.w.org\/{rel}","templated":true}]}}