{"id":1225,"date":"2025-01-09T08:26:39","date_gmt":"2025-01-09T08:26:39","guid":{"rendered":"https:\/\/modishhandmade.com\/product\/bla-och-senapsfargade-haklappshalsband\/"},"modified":"2025-01-09T08:26:39","modified_gmt":"2025-01-09T08:26:39","slug":"bla-och-senapsfargade-haklappshalsband","status":"publish","type":"product","link":"https:\/\/modishhandmade.com\/sv\/product\/bla-och-senapsfargade-haklappshalsband\/","title":{"rendered":"Bl\u00e5 och senapsf\u00e4rgade haklappshalsband"},"content":{"rendered":"<p>G\u00f6r ett dj\u00e4rvt uttalande med detta handgjorda bl\u00e5 och senapsf\u00e4rgade haklappshalsband, designat f\u00f6r dem som gillar bohemiska och hippiestilar. Detta i\u00f6gonfallande smycke kombinerar hantverksskicklighet med livfulla f\u00e4rger f\u00f6r att skapa en unik accessoar som \u00e4r b\u00e5de elegant och unik.<\/p>\n<p>Halsbandets mittpunkt \u00e4r ett handskulpterat soutache-h\u00e4nge i polymerlera, som \u00e4r omsorgsfullt utformat f\u00f6r att \u00e5terspegla invecklade m\u00f6nster och texturer. I kombination med glaselement och p\u00e4rlor utstr\u00e5lar designen en k\u00e4nsla av sofistikering samtidigt som den \u00e4r trogen sina boho-r\u00f6tter.<\/p>\n<p><strong>Viktiga egenskaper:<\/strong><\/p>\n<ul>\n<li><strong>Material:<\/strong> Premium polymerlera (Fimo), glas, glasp\u00e4rlor och mjukt nylonrep f\u00f6r en l\u00e4tt men \u00e4nd\u00e5 h\u00e5llbar finish.<\/li>\n<li><strong>Design:<\/strong> H\u00e4ngsmyckets m\u00e5tt (4 cm h\u00f6jd och 3 cm bredd) \u00e4r perfekt proportionerade f\u00f6r att skapa en fokuspunkt, medan linans l\u00e4ngd p\u00e5 60 cm (23,62 tum) s\u00e4kerst\u00e4ller att halsbandet sitter bekv\u00e4mt och smickrar halsringningen.<\/li>\n<li><strong>Bekv\u00e4m passform:<\/strong> Nylonrepet \u00e4r mjukt och f\u00f6ljsamt, vilket g\u00f6r det skonsamt mot huden och g\u00f6r att det kan anv\u00e4ndas hela dagen.<\/li>\n<\/ul>\n<p>Oavsett om det kombineras med en fl\u00f6dande kl\u00e4nning f\u00f6r en festival eller l\u00e4ggs \u00f6ver en avslappnad outfit, ger detta bib-halsband en touch av boho-charm och elegans till varje ensemble. Den dj\u00e4rva kombinationen av bl\u00e5 och senapsf\u00e4rgade nyanser symboliserar kreativitet och individualitet, vilket g\u00f6r den till en meningsfull accessoar eller g\u00e5va till n\u00e5gon speciell.<\/p>\n<p>F\u00f6rh\u00f6j din stil med detta unika bib-halsband som inte bara \u00e4r ett smycke utan ett uttryck f\u00f6r din personlighet och k\u00e4nsla.<\/p>\n","protected":false},"excerpt":{"rendered":"<p>G\u00f6r ett dj\u00e4rvt uttalande med detta handgjorda bl\u00e5 och senapsf\u00e4rgade haklappshalsband, designat f\u00f6r dig som gillar bohemiska och hippiestilar. Detta i\u00f6gonfallande smycke kombinerar hantverksskicklighet med livfulla f\u00e4rger f\u00f6r att skapa en unik accessoar som \u00e4r b\u00e5de elegant och unik.<\/p>\n<p>Halsbandets mittpunkt \u00e4r ett handskulpterat soutache-h\u00e4nge i polymerlera, som \u00e4r omsorgsfullt utformat f\u00f6r att \u00e5terspegla invecklade m\u00f6nster och texturer. I kombination med glaselement och p\u00e4rlor utstr\u00e5lar designen en k\u00e4nsla av sofistikering samtidigt som den \u00e4r trogen sina boho-r\u00f6tter.<\/p>\n","protected":false},"featured_media":1169,"comment_status":"open","ping_status":"closed","template":"","meta":[],"product_cat":[57],"product_tag":[],"class_list":{"0":"post-1225","1":"product","2":"type-product","3":"status-publish","4":"has-post-thumbnail","6":"product_cat-halsband","8":"first","9":"instock","10":"shipping-taxable","11":"product-type-external"},"_links":{"self":[{"href":"https:\/\/modishhandmade.com\/sv\/wp-json\/wp\/v2\/product\/1225","targetHints":{"allow":["GET"]}}],"collection":[{"href":"https:\/\/modishhandmade.com\/sv\/wp-json\/wp\/v2\/product"}],"about":[{"href":"https:\/\/modishhandmade.com\/sv\/wp-json\/wp\/v2\/types\/product"}],"replies":[{"embeddable":true,"href":"https:\/\/modishhandmade.com\/sv\/wp-json\/wp\/v2\/comments?post=1225"}],"wp:featuredmedia":[{"embeddable":true,"href":"https:\/\/modishhandmade.com\/sv\/wp-json\/wp\/v2\/media\/1169"}],"wp:attachment":[{"href":"https:\/\/modishhandmade.com\/sv\/wp-json\/wp\/v2\/media?parent=1225"}],"wp:term":[{"taxonomy":"product_cat","embeddable":true,"href":"https:\/\/modishhandmade.com\/sv\/wp-json\/wp\/v2\/product_cat?post=1225"},{"taxonomy":"product_tag","embeddable":true,"href":"https:\/\/modishhandmade.com\/sv\/wp-json\/wp\/v2\/product_tag?post=1225"}],"curies":[{"name":"wp","href":"https:\/\/api.w.org\/{rel}","templated":true}]}}