{"id":1468,"date":"2025-01-08T13:46:45","date_gmt":"2025-01-08T13:46:45","guid":{"rendered":"https:\/\/modishhandmade.com\/product\/makramee-korvarongad-pruun\/"},"modified":"2025-07-06T18:46:58","modified_gmt":"2025-07-06T18:46:58","slug":"makramee-korvarongad-pruun","status":"publish","type":"product","link":"https:\/\/modishhandmade.com\/et\/product\/makramee-korvarongad-pruun\/","title":{"rendered":"Makramee k\u00f5rvar\u00f5ngad Pruun"},"content":{"rendered":"<p>Lisage oma v\u00e4limusele boheemlaslikku v\u00f5lu nende k\u00e4sitsi valmistatud makramee k\u00f5rvar\u00f5ngaste abil. Ideaalselt sobivad vabameelsetele hingedele, need rippuvad k\u00f5rvar\u00f5ngad on disainitud boho ja hipi stiilis, et t\u00e4iendada teie unikaalset isiksust. <\/p>\n<ul>\n<li>Materjalid: Valmistatud vastupidavast nailonk\u00f6iest, kaunistatud naturaalsete puuhelmede ja s\u00e4ravate klaasist kristallidega ning viimistletud elegantsete h\u00f5bedaste k\u00f5rvar\u00f5ngakonksudega, mis tagavad mugavuse ja vastupidavuse.<\/li>\n<li>M\u00f5\u00f5tmed: (1,37&#8243;), laius &#8211; 1,2 cm (0,47&#8243;).<\/li>\n<\/ul>\n<p>Need k\u00f5rvar\u00f5ngad on loodud makramee tehnikas, mis tagab keerulised detailid ja erakordse k\u00e4sit\u00f6\u00f6. Need on kerged ja kergesti kantavad ning sobivad ideaalselt igaks juhuslikuks v\u00f5i eriliseks s\u00fcndmuseks. <\/p>\n<p>T\u00e4ienda oma boho v\u00e4limust nende unikaalsete, k\u00e4sitsi valmistatud k\u00f5rvar\u00f5ngastega &#8211; ideaalne kingitus endale v\u00f5i l\u00e4hedasele!<\/p>\n","protected":false},"excerpt":{"rendered":"<p>Lisage oma v\u00e4limusele boheemlaslikku v\u00f5lu nende k\u00e4sitsi valmistatud makramee k\u00f5rvar\u00f5ngaste abil. Ideaalselt sobivad vabameelsetele hingedele, sest need k\u00f5rvar\u00f5ngad on disainitud boho ja hipi stiilis, et t\u00e4iendada teie unikaalset isiksust. <\/p>\n","protected":false},"featured_media":1471,"comment_status":"open","ping_status":"closed","template":"","meta":[],"product_cat":[65],"product_tag":[],"class_list":{"0":"post-1468","1":"product","2":"type-product","3":"status-publish","4":"has-post-thumbnail","6":"product_cat-kasitsi-valmistatud-korvarongad","8":"first","9":"instock","10":"sale","11":"shipping-taxable","12":"product-type-external"},"_links":{"self":[{"href":"https:\/\/modishhandmade.com\/et\/wp-json\/wp\/v2\/product\/1468","targetHints":{"allow":["GET"]}}],"collection":[{"href":"https:\/\/modishhandmade.com\/et\/wp-json\/wp\/v2\/product"}],"about":[{"href":"https:\/\/modishhandmade.com\/et\/wp-json\/wp\/v2\/types\/product"}],"replies":[{"embeddable":true,"href":"https:\/\/modishhandmade.com\/et\/wp-json\/wp\/v2\/comments?post=1468"}],"wp:featuredmedia":[{"embeddable":true,"href":"https:\/\/modishhandmade.com\/et\/wp-json\/wp\/v2\/media\/1471"}],"wp:attachment":[{"href":"https:\/\/modishhandmade.com\/et\/wp-json\/wp\/v2\/media?parent=1468"}],"wp:term":[{"taxonomy":"product_cat","embeddable":true,"href":"https:\/\/modishhandmade.com\/et\/wp-json\/wp\/v2\/product_cat?post=1468"},{"taxonomy":"product_tag","embeddable":true,"href":"https:\/\/modishhandmade.com\/et\/wp-json\/wp\/v2\/product_tag?post=1468"}],"curies":[{"name":"wp","href":"https:\/\/api.w.org\/{rel}","templated":true}]}}