{"id":1464,"date":"2025-01-08T14:46:23","date_gmt":"2025-01-08T14:46:23","guid":{"rendered":"https:\/\/modishhandmade.com\/product\/micromacrame-korvarongad-pruun\/"},"modified":"2025-01-08T14:46:23","modified_gmt":"2025-01-08T14:46:23","slug":"micromacrame-korvarongad-pruun","status":"publish","type":"product","link":"https:\/\/modishhandmade.com\/et\/product\/micromacrame-korvarongad-pruun\/","title":{"rendered":"Micromacrame k\u00f5rvar\u00f5ngad Pruun"},"content":{"rendered":"<p>Need ainulaadsed mikrokeraamilised k\u00f5rvar\u00f5ngad on ideaalne aksessuaar k\u00f5igile, kes armastavad boho ja hipi stiile. Need on disainitud nii, et need paistavad silma, ning nende keerulised mustrid ja mahedad toonid teevad neist mitmek\u00fclgse t\u00e4ienduse teie ehtekollektsiooni. <\/p>\n<ul>\n<li><strong>Materjalid<\/strong>: Kaunistavad kristallklaashelmed, mis annavad peene ja elegantse s\u00e4ra.<\/li>\n<li><strong>M\u00f5\u00f5tmed<\/strong>: T\u00e4iuslik elegantsuse lisamiseks, ilma et see tunduks raske.<\/li>\n<\/ul>\n<p>Need k\u00f5rvar\u00f5ngad on loodud \u00f5rnas makramee tehnikas ja n\u00e4itavad erakordset t\u00e4helepanu detailidele ja kvaliteedile. Nende kerge disain tagab mugavuse, mist\u00f5ttu sobivad need nii igap\u00e4evaseks kandmiseks kui ka erilisteks s\u00fcndmusteks.<\/p>\n","protected":false},"excerpt":{"rendered":"<p>Need ainulaadsed mikrokeraamilised k\u00f5rvar\u00f5ngad on ideaalne aksessuaar k\u00f5igile, kes armastavad boho ja hipi stiile. Need on disainitud nii, et need paistavad silma, ning nende keerulised mustrid ja mahedad toonid muudavad need mitmek\u00fclgseks t\u00e4ienduseks teie ehtekollektsioonile. <\/p>\n","protected":false},"featured_media":1466,"comment_status":"open","ping_status":"closed","template":"","meta":[],"product_cat":[65],"product_tag":[],"class_list":{"0":"post-1464","1":"product","2":"type-product","3":"status-publish","4":"has-post-thumbnail","6":"product_cat-kasitsi-valmistatud-korvarongad","8":"first","9":"instock","10":"shipping-taxable","11":"product-type-external"},"_links":{"self":[{"href":"https:\/\/modishhandmade.com\/et\/wp-json\/wp\/v2\/product\/1464","targetHints":{"allow":["GET"]}}],"collection":[{"href":"https:\/\/modishhandmade.com\/et\/wp-json\/wp\/v2\/product"}],"about":[{"href":"https:\/\/modishhandmade.com\/et\/wp-json\/wp\/v2\/types\/product"}],"replies":[{"embeddable":true,"href":"https:\/\/modishhandmade.com\/et\/wp-json\/wp\/v2\/comments?post=1464"}],"wp:featuredmedia":[{"embeddable":true,"href":"https:\/\/modishhandmade.com\/et\/wp-json\/wp\/v2\/media\/1466"}],"wp:attachment":[{"href":"https:\/\/modishhandmade.com\/et\/wp-json\/wp\/v2\/media?parent=1464"}],"wp:term":[{"taxonomy":"product_cat","embeddable":true,"href":"https:\/\/modishhandmade.com\/et\/wp-json\/wp\/v2\/product_cat?post=1464"},{"taxonomy":"product_tag","embeddable":true,"href":"https:\/\/modishhandmade.com\/et\/wp-json\/wp\/v2\/product_tag?post=1464"}],"curies":[{"name":"wp","href":"https:\/\/api.w.org\/{rel}","templated":true}]}}