{"id":1445,"date":"2025-01-08T15:11:48","date_gmt":"2025-01-08T15:11:48","guid":{"rendered":"https:\/\/modishhandmade.com\/product\/sinise-ja-kuldse-helmestikuga-makramee-korvarongad\/"},"modified":"2025-03-16T13:49:08","modified_gmt":"2025-03-16T13:49:08","slug":"sinise-ja-kuldse-helmestikuga-makramee-korvarongad","status":"publish","type":"product","link":"https:\/\/modishhandmade.com\/et\/product\/sinise-ja-kuldse-helmestikuga-makramee-korvarongad\/","title":{"rendered":"Sinise ja kuldse helmestikuga makramee k\u00f5rvar\u00f5ngad"},"content":{"rendered":"<p>T\u00f5sta oma stiili nende uimastavate siniste ja kuldsete makramee k\u00f5rvar\u00f5ngastega. Need on k\u00e4sitsi ja hoolikalt valmistatud ning neil on keerulised mikromustrid ja s\u00e4delevad kristallklaashelmed, mis teevad neist t\u00e4iusliku aksessuaari igaks juhuks.<\/p>\n<p>Toote \u00fcksikasjad:<\/p>\n<ul>\n<li><strong>Materjalid:<\/strong> Materjalid: vastupidav nailonk\u00f6is ja s\u00e4ravad kristallklaashelmed.<\/li>\n<li><strong>Stiil:<\/strong> Stiil: Boheemlaslik ja hipi inspireeritud disain.<\/li>\n<li><strong>Pikkus:<\/strong> 4 cm &#8211; kerge ja mugav kanda.<\/li>\n<\/ul>\n<p>Need helmestest makramee k\u00f5rvar\u00f5ngad \u00fchendavad endas elegantsi ja vabameelset v\u00f5lu. Ideaalne v\u00e4rvi ja loovuse lisamiseks oma riietusele.<\/p>\n","protected":false},"excerpt":{"rendered":"<p>T\u00f5sta oma stiili nende uimastavate siniste ja kuldsete makramee k\u00f5rvar\u00f5ngastega. Need on hoolikalt k\u00e4sitsi valmistatud, neil on keerulised mikromustrid ja s\u00e4delevad kristallklaashelmed, mis teevad neist t\u00e4iusliku aksessuaari igaks juhuks.<\/p>\n","protected":false},"featured_media":1455,"comment_status":"open","ping_status":"closed","template":"","meta":[],"product_cat":[65,73],"product_tag":[],"class_list":{"0":"post-1445","1":"product","2":"type-product","3":"status-publish","4":"has-post-thumbnail","6":"product_cat-kasitsi-valmistatud-korvarongad","7":"product_cat-sinised","9":"first","10":"instock","11":"shipping-taxable","12":"product-type-external"},"_links":{"self":[{"href":"https:\/\/modishhandmade.com\/et\/wp-json\/wp\/v2\/product\/1445","targetHints":{"allow":["GET"]}}],"collection":[{"href":"https:\/\/modishhandmade.com\/et\/wp-json\/wp\/v2\/product"}],"about":[{"href":"https:\/\/modishhandmade.com\/et\/wp-json\/wp\/v2\/types\/product"}],"replies":[{"embeddable":true,"href":"https:\/\/modishhandmade.com\/et\/wp-json\/wp\/v2\/comments?post=1445"}],"wp:featuredmedia":[{"embeddable":true,"href":"https:\/\/modishhandmade.com\/et\/wp-json\/wp\/v2\/media\/1455"}],"wp:attachment":[{"href":"https:\/\/modishhandmade.com\/et\/wp-json\/wp\/v2\/media?parent=1445"}],"wp:term":[{"taxonomy":"product_cat","embeddable":true,"href":"https:\/\/modishhandmade.com\/et\/wp-json\/wp\/v2\/product_cat?post=1445"},{"taxonomy":"product_tag","embeddable":true,"href":"https:\/\/modishhandmade.com\/et\/wp-json\/wp\/v2\/product_tag?post=1445"}],"curies":[{"name":"wp","href":"https:\/\/api.w.org\/{rel}","templated":true}]}}