{"id":1444,"date":"2025-01-08T15:27:03","date_gmt":"2025-01-08T15:27:03","guid":{"rendered":"https:\/\/modishhandmade.com\/product\/hallid-makramee-korvarongad\/"},"modified":"2025-11-20T19:02:12","modified_gmt":"2025-11-20T19:02:12","slug":"hallid-makramee-korvarongad","status":"publish","type":"product","link":"https:\/\/modishhandmade.com\/et\/product\/hallid-makramee-korvarongad\/","title":{"rendered":"Hallid makramee k\u00f5rvar\u00f5ngad"},"content":{"rendered":"<p>Lisage oma riietusele elegantsust ja loovust nende hallide makramee k\u00f5rvar\u00f5ngastega. Hoolikalt k\u00e4sitsi valmistatud, kasutades vastupidavat nailonk\u00f6it ja s\u00e4ravaid klaasist kristallhelmeid, on need m\u00f5eldud neile, kes armastavad unikaalseid, kunstilisi aksessuaare.<\/p>\n<p><strong>Toote \u00fcksikasjad:<\/strong><\/p>\n<ul>\n<li><strong>Materjalid:<\/strong> materjalid: Kvaliteetne nailonk\u00f6is, klaasist kristallhelmed ja k\u00e4sitsi valmistatud vasest konksud.<\/li>\n<li><strong>Stiil:<\/strong> sobib ideaalselt juhuslikuks ja pidulikuks v\u00e4limuseks.<\/li>\n<li><strong>Suurus:<\/strong> (1.57&#8243;), laius &#8211; 2,5 cm (0,98&#8243;).<\/li>\n<li><strong>Kerge:<\/strong> Nad kaaluvad vaid 4 grammi ja on mugavad kogu p\u00e4eva kandmiseks.<\/li>\n<\/ul>\n<p>Need mikrokeraamilised k\u00f5rvar\u00f5ngad on ideaalsed, et lisada peent v\u00f5lu igale riietusele. Sobivad ideaalselt kingituseks v\u00f5i isiklikuks maiuspalaks!<\/p>\n","protected":false},"excerpt":{"rendered":"<p>Lisage oma riietusele elegantsust ja loovust nende hallide makramee k\u00f5rvar\u00f5ngastega. Hoolikalt k\u00e4sitsi valmistatud, kasutades vastupidavat nailonk\u00f6it ja s\u00e4ravaid klaasist kristallhelmeid, on need m\u00f5eldud neile, kes armastavad unikaalseid, kunstilisi aksessuaare.<\/p>\n","protected":false},"featured_media":1449,"comment_status":"open","ping_status":"closed","template":"","meta":[],"product_cat":[65,75],"product_tag":[],"class_list":{"0":"post-1444","1":"product","2":"type-product","3":"status-publish","4":"has-post-thumbnail","6":"product_cat-kasitsi-valmistatud-korvarongad","7":"product_cat-kollased","9":"first","10":"instock","11":"sale","12":"shipping-taxable","13":"product-type-external"},"_links":{"self":[{"href":"https:\/\/modishhandmade.com\/et\/wp-json\/wp\/v2\/product\/1444","targetHints":{"allow":["GET"]}}],"collection":[{"href":"https:\/\/modishhandmade.com\/et\/wp-json\/wp\/v2\/product"}],"about":[{"href":"https:\/\/modishhandmade.com\/et\/wp-json\/wp\/v2\/types\/product"}],"replies":[{"embeddable":true,"href":"https:\/\/modishhandmade.com\/et\/wp-json\/wp\/v2\/comments?post=1444"}],"wp:featuredmedia":[{"embeddable":true,"href":"https:\/\/modishhandmade.com\/et\/wp-json\/wp\/v2\/media\/1449"}],"wp:attachment":[{"href":"https:\/\/modishhandmade.com\/et\/wp-json\/wp\/v2\/media?parent=1444"}],"wp:term":[{"taxonomy":"product_cat","embeddable":true,"href":"https:\/\/modishhandmade.com\/et\/wp-json\/wp\/v2\/product_cat?post=1444"},{"taxonomy":"product_tag","embeddable":true,"href":"https:\/\/modishhandmade.com\/et\/wp-json\/wp\/v2\/product_tag?post=1444"}],"curies":[{"name":"wp","href":"https:\/\/api.w.org\/{rel}","templated":true}]}}