{"id":1433,"date":"2025-01-08T15:32:54","date_gmt":"2025-01-08T15:32:54","guid":{"rendered":"https:\/\/modishhandmade.com\/product\/mustanpruunid-makramee-korvarongad\/"},"modified":"2025-01-08T15:32:54","modified_gmt":"2025-01-08T15:32:54","slug":"mustanpruunid-makramee-korvarongad","status":"publish","type":"product","link":"https:\/\/modishhandmade.com\/et\/product\/mustanpruunid-makramee-korvarongad\/","title":{"rendered":"Mustanpruunid makramee k\u00f5rvar\u00f5ngad"},"content":{"rendered":"<p>Lisa oma riietusele v\u00e4rvipoppi nende sinepist makramee k\u00f5rvar\u00f5ngaste abil. Hoolikalt k\u00e4sitsi mikrokrummi tehnikas valmistatud k\u00f5rvar\u00f5ngad \u00fchendavad endas boheemlasliku v\u00f5lu ja kaasaegse elegantsi, mist\u00f5ttu sobivad need ideaalselt igaks juhuks. <\/p>\n<p><strong>Toote \u00fcksikasjad:<\/strong><\/p>\n<ul>\n<li><strong>Materjalid:<\/strong> Materjalid: vastupidav nailonk\u00f6is ja s\u00e4delevad kristallklaashelmed.<\/li>\n<li><strong>Stiil:<\/strong> Boheemlaslik ja hipi inspireeritud disain, mis tagab unikaalse, kunstilise v\u00e4limuse.<\/li>\n<li><strong>Suurus:<\/strong> Pikkus &#8211; 4 cm (1,57&#8243;).<\/li>\n<li><strong>Kerge ja mugav:<\/strong> Lihtne kanda kogu p\u00e4eva ilma raskustundeta.<\/li>\n<\/ul>\n<p>Need k\u00e4sitsi valmistatud k\u00f5rvar\u00f5ngad sobivad ideaalselt festivalidele, vabaaja riietesse v\u00f5i l\u00e4bim\u00f5eldud kingituseks kellelegi erilisele.<\/p>\n","protected":false},"excerpt":{"rendered":"<p>Lisa oma riietusele v\u00e4rvipoppi nende sinepist makramee k\u00f5rvar\u00f5ngaste abil. Hoolikalt k\u00e4sitsi mikrokrummi tehnikas valmistatud k\u00f5rvar\u00f5ngad \u00fchendavad endas boheemlasliku v\u00f5lu ja kaasaegse elegantsi, mist\u00f5ttu sobivad need ideaalselt igaks juhuks. <\/p>\n","protected":false},"featured_media":1435,"comment_status":"open","ping_status":"closed","template":"","meta":[],"product_cat":[65],"product_tag":[],"class_list":{"0":"post-1433","1":"product","2":"type-product","3":"status-publish","4":"has-post-thumbnail","6":"product_cat-kasitsi-valmistatud-korvarongad","8":"first","9":"instock","10":"shipping-taxable","11":"product-type-external"},"_links":{"self":[{"href":"https:\/\/modishhandmade.com\/et\/wp-json\/wp\/v2\/product\/1433","targetHints":{"allow":["GET"]}}],"collection":[{"href":"https:\/\/modishhandmade.com\/et\/wp-json\/wp\/v2\/product"}],"about":[{"href":"https:\/\/modishhandmade.com\/et\/wp-json\/wp\/v2\/types\/product"}],"replies":[{"embeddable":true,"href":"https:\/\/modishhandmade.com\/et\/wp-json\/wp\/v2\/comments?post=1433"}],"wp:featuredmedia":[{"embeddable":true,"href":"https:\/\/modishhandmade.com\/et\/wp-json\/wp\/v2\/media\/1435"}],"wp:attachment":[{"href":"https:\/\/modishhandmade.com\/et\/wp-json\/wp\/v2\/media?parent=1433"}],"wp:term":[{"taxonomy":"product_cat","embeddable":true,"href":"https:\/\/modishhandmade.com\/et\/wp-json\/wp\/v2\/product_cat?post=1433"},{"taxonomy":"product_tag","embeddable":true,"href":"https:\/\/modishhandmade.com\/et\/wp-json\/wp\/v2\/product_tag?post=1433"}],"curies":[{"name":"wp","href":"https:\/\/api.w.org\/{rel}","templated":true}]}}