{"id":1414,"date":"2025-01-08T14:55:30","date_gmt":"2025-01-08T14:55:30","guid":{"rendered":"https:\/\/modishhandmade.com\/product\/boho-mustard-makramee-korvarongad\/"},"modified":"2025-03-16T13:41:43","modified_gmt":"2025-03-16T13:41:43","slug":"boho-mustard-makramee-korvarongad","status":"publish","type":"product","link":"https:\/\/modishhandmade.com\/et\/product\/boho-mustard-makramee-korvarongad\/","title":{"rendered":"Boho Mustard makramee k\u00f5rvar\u00f5ngad"},"content":{"rendered":"<p>Lisage oma v\u00e4limusele boheemlaslikku v\u00f5lu nende kaunite sinepist makramee k\u00f5rvar\u00f5ngastega. Hoolikalt k\u00e4sitsi valmistatud, kasutades vastupidavat nailonk\u00f6it ja s\u00e4ravaid kristallklaashelmeid, toovad need elegantsust ja loovust igale riietusele.<\/p>\n<p><strong>Peamised omadused:<\/strong><\/p>\n<ul>\n<li><strong>Materjalid:<\/strong> Kvaliteetsed nailonk\u00f6ied ja kristallklaashelmed.<\/li>\n<li><strong>Stiil:<\/strong> Ideaalne boho ja hipi inspireeritud v\u00e4limuse jaoks.<\/li>\n<li><strong>Pikkus:<\/strong> 4 cm &#8211; kerge ja mugav igap\u00e4evaseks kandmiseks.<\/li>\n<\/ul>\n<p>Need pikad makramee k\u00f5rvar\u00f5ngad on valmistatud t\u00e4pselt mikromakramee tehnikas, mis tagab unikaalse ja kunstilise disaini.<\/p>\n","protected":false},"excerpt":{"rendered":"<p>Lisage oma v\u00e4limusele boheemlaslikku v\u00f5lu nende kaunite sinepist makramee k\u00f5rvar\u00f5ngastega. Hoolikalt k\u00e4sitsi valmistatud, kasutades vastupidavat nailonk\u00f6it ja s\u00e4ravaid kristallklaashelmeid, toovad need elegantsust ja loovust igale riietusele.<\/p>\n","protected":false},"featured_media":1417,"comment_status":"open","ping_status":"closed","template":"","meta":[],"product_cat":[65,75],"product_tag":[],"class_list":{"0":"post-1414","1":"product","2":"type-product","3":"status-publish","4":"has-post-thumbnail","6":"product_cat-kasitsi-valmistatud-korvarongad","7":"product_cat-kollased","9":"first","10":"instock","11":"shipping-taxable","12":"product-type-external"},"_links":{"self":[{"href":"https:\/\/modishhandmade.com\/et\/wp-json\/wp\/v2\/product\/1414","targetHints":{"allow":["GET"]}}],"collection":[{"href":"https:\/\/modishhandmade.com\/et\/wp-json\/wp\/v2\/product"}],"about":[{"href":"https:\/\/modishhandmade.com\/et\/wp-json\/wp\/v2\/types\/product"}],"replies":[{"embeddable":true,"href":"https:\/\/modishhandmade.com\/et\/wp-json\/wp\/v2\/comments?post=1414"}],"wp:featuredmedia":[{"embeddable":true,"href":"https:\/\/modishhandmade.com\/et\/wp-json\/wp\/v2\/media\/1417"}],"wp:attachment":[{"href":"https:\/\/modishhandmade.com\/et\/wp-json\/wp\/v2\/media?parent=1414"}],"wp:term":[{"taxonomy":"product_cat","embeddable":true,"href":"https:\/\/modishhandmade.com\/et\/wp-json\/wp\/v2\/product_cat?post=1414"},{"taxonomy":"product_tag","embeddable":true,"href":"https:\/\/modishhandmade.com\/et\/wp-json\/wp\/v2\/product_tag?post=1414"}],"curies":[{"name":"wp","href":"https:\/\/api.w.org\/{rel}","templated":true}]}}