{"id":1413,"date":"2025-01-08T15:20:25","date_gmt":"2025-01-08T15:20:25","guid":{"rendered":"https:\/\/modishhandmade.com\/product\/oliivrohelised-helmestatud-makramee-korvarongad\/"},"modified":"2025-01-08T15:20:25","modified_gmt":"2025-01-08T15:20:25","slug":"oliivrohelised-helmestatud-makramee-korvarongad","status":"publish","type":"product","link":"https:\/\/modishhandmade.com\/et\/product\/oliivrohelised-helmestatud-makramee-korvarongad\/","title":{"rendered":"Oliivrohelised helmestatud makramee k\u00f5rvar\u00f5ngad"},"content":{"rendered":"<p>T\u00e4ienda oma v\u00e4limust nende elegantsete oliivroheliste makramee k\u00f5rvar\u00f5ngastega. K\u00e4sitsi valmistatud vastupidavast nailonk\u00f6iest ja s\u00e4ravatest kristallklaashelmestest, sobivad need ideaalselt boheemlasliku h\u00f5ngu lisamiseks igale riietusele. <\/p>\n<p><strong>Toote \u00fcksikasjad:<\/strong><\/p>\n<ul>\n<li><strong>Materjalid:<\/strong> Nailonk\u00f6is ja s\u00e4delevad kristallklaashelmed.<\/li>\n<li><strong>Stiil:<\/strong> Stiil: Boheemlaslik ja hipi inspireeritud disain.<\/li>\n<li><strong>Pikkus:<\/strong> 4 cm &#8211; kerge ja mugav igap\u00e4evaseks kandmiseks.<\/li>\n<\/ul>\n<p>Need mikrokraamiga k\u00f5rvar\u00f5ngad on segu kunstilisusest ja elegantsist, mis sobivad ideaalselt nii vabaaja- kui ka eriliste s\u00fcndmuste puhul.<\/p>\n","protected":false},"excerpt":{"rendered":"<p>T\u00e4ienda oma v\u00e4limust nende elegantsete oliivroheliste makramee k\u00f5rvar\u00f5ngastega. K\u00e4sitsi valmistatud vastupidavast nailonk\u00f6iest ja s\u00e4ravatest kristallklaashelmestest, sobivad need ideaalselt boheemlasliku h\u00f5ngu lisamiseks igale riietusele. <\/p>\n","protected":false},"featured_media":1420,"comment_status":"open","ping_status":"closed","template":"","meta":[],"product_cat":[65,68],"product_tag":[],"class_list":{"0":"post-1413","1":"product","2":"type-product","3":"status-publish","4":"has-post-thumbnail","6":"product_cat-kasitsi-valmistatud-korvarongad","7":"product_cat-rohelised","9":"first","10":"instock","11":"shipping-taxable","12":"product-type-external"},"_links":{"self":[{"href":"https:\/\/modishhandmade.com\/et\/wp-json\/wp\/v2\/product\/1413","targetHints":{"allow":["GET"]}}],"collection":[{"href":"https:\/\/modishhandmade.com\/et\/wp-json\/wp\/v2\/product"}],"about":[{"href":"https:\/\/modishhandmade.com\/et\/wp-json\/wp\/v2\/types\/product"}],"replies":[{"embeddable":true,"href":"https:\/\/modishhandmade.com\/et\/wp-json\/wp\/v2\/comments?post=1413"}],"wp:featuredmedia":[{"embeddable":true,"href":"https:\/\/modishhandmade.com\/et\/wp-json\/wp\/v2\/media\/1420"}],"wp:attachment":[{"href":"https:\/\/modishhandmade.com\/et\/wp-json\/wp\/v2\/media?parent=1413"}],"wp:term":[{"taxonomy":"product_cat","embeddable":true,"href":"https:\/\/modishhandmade.com\/et\/wp-json\/wp\/v2\/product_cat?post=1413"},{"taxonomy":"product_tag","embeddable":true,"href":"https:\/\/modishhandmade.com\/et\/wp-json\/wp\/v2\/product_tag?post=1413"}],"curies":[{"name":"wp","href":"https:\/\/api.w.org\/{rel}","templated":true}]}}