{"id":1404,"date":"2025-01-08T15:16:17","date_gmt":"2025-01-08T15:16:17","guid":{"rendered":"https:\/\/modishhandmade.com\/product\/kerged-sinepist-makramee-korvarongad\/"},"modified":"2025-03-16T13:44:35","modified_gmt":"2025-03-16T13:44:35","slug":"kerged-sinepist-makramee-korvarongad","status":"publish","type":"product","link":"https:\/\/modishhandmade.com\/et\/product\/kerged-sinepist-makramee-korvarongad\/","title":{"rendered":"Kerged sinepist makramee k\u00f5rvar\u00f5ngad"},"content":{"rendered":"<p>Lisage oma v\u00e4limusele boheemlaslikku h\u00f5ngu nende sinepiste makramee k\u00f5rvar\u00f5ngastega. Need on hoolikalt k\u00e4sitsi valmistatud, kerged, stiilsed ja sobivad ideaalselt igaks juhuks.<\/p>\n<p>\u00dcksikasjad:<\/p>\n<ul>\n<li><strong>Materjalid:<\/strong> Tugevad nailonk\u00f6ied ja \u00f5rnad kristallklaashelmed.<\/li>\n<li><strong>Stiil:<\/strong> Stiil: Boho ja hipi inspireeritud disain.<\/li>\n<li><strong>Pikkus:<\/strong> 4 cm &#8211; mugav ja lihtne kanda kogu p\u00e4eva.<\/li>\n<\/ul>\n<p>Nendes rippuvates k\u00f5rvar\u00f5ngastes on \u00fchendatud kunstiline makramee k\u00e4sit\u00f6\u00f6 kaasaegse puudutusega, mis muudab need ainulaadseks t\u00e4ienduseks teie aksessuaaride kollektsioonile.<\/p>\n","protected":false},"excerpt":{"rendered":"<p>Lisage oma v\u00e4limusele boheemlaslikku h\u00f5ngu nende sinepiste makramee k\u00f5rvar\u00f5ngastega. Need on hoolikalt k\u00e4sitsi valmistatud, kerged, stiilsed ja sobivad ideaalselt igaks juhuks.<\/p>\n","protected":false},"featured_media":1408,"comment_status":"open","ping_status":"closed","template":"","meta":[],"product_cat":[65,75],"product_tag":[],"class_list":{"0":"post-1404","1":"product","2":"type-product","3":"status-publish","4":"has-post-thumbnail","6":"product_cat-kasitsi-valmistatud-korvarongad","7":"product_cat-kollased","9":"first","10":"instock","11":"shipping-taxable","12":"product-type-external"},"_links":{"self":[{"href":"https:\/\/modishhandmade.com\/et\/wp-json\/wp\/v2\/product\/1404","targetHints":{"allow":["GET"]}}],"collection":[{"href":"https:\/\/modishhandmade.com\/et\/wp-json\/wp\/v2\/product"}],"about":[{"href":"https:\/\/modishhandmade.com\/et\/wp-json\/wp\/v2\/types\/product"}],"replies":[{"embeddable":true,"href":"https:\/\/modishhandmade.com\/et\/wp-json\/wp\/v2\/comments?post=1404"}],"wp:featuredmedia":[{"embeddable":true,"href":"https:\/\/modishhandmade.com\/et\/wp-json\/wp\/v2\/media\/1408"}],"wp:attachment":[{"href":"https:\/\/modishhandmade.com\/et\/wp-json\/wp\/v2\/media?parent=1404"}],"wp:term":[{"taxonomy":"product_cat","embeddable":true,"href":"https:\/\/modishhandmade.com\/et\/wp-json\/wp\/v2\/product_cat?post=1404"},{"taxonomy":"product_tag","embeddable":true,"href":"https:\/\/modishhandmade.com\/et\/wp-json\/wp\/v2\/product_tag?post=1404"}],"curies":[{"name":"wp","href":"https:\/\/api.w.org\/{rel}","templated":true}]}}