{"id":1388,"date":"2025-01-08T15:38:00","date_gmt":"2025-01-08T15:38:00","guid":{"rendered":"https:\/\/modishhandmade.com\/product\/roosa-ja-hallid-makramee-korvarongad\/"},"modified":"2025-03-16T13:47:53","modified_gmt":"2025-03-16T13:47:53","slug":"roosa-ja-hallid-makramee-korvarongad","status":"publish","type":"product","link":"https:\/\/modishhandmade.com\/et\/product\/roosa-ja-hallid-makramee-korvarongad\/","title":{"rendered":"Roosa ja hallid makramee k\u00f5rvar\u00f5ngad"},"content":{"rendered":"<p>Lisa oma stiilile elegantsust ja v\u00f5lu nende \u00f5rnade roosa ja halli makramee k\u00f5rvar\u00f5ngastega. Need on disainitud hoolikalt ja detailidele t\u00e4helepanu p\u00f6\u00f6rates, neis on keerulised s\u00f5lmed ja s\u00e4ravad klaashelmed, mis teevad neist t\u00e4iusliku aksessuaari igaks juhuks. Nende kompaktne suurus ja kerge disain tagavad mugavuse kogu p\u00e4evaks, ilma et see kahjustaks stiili.<\/p>\n<p><strong>Toote \u00fcksikasjad:<\/strong><\/p>\n<ul>\n<li><strong>Materjalid:<\/strong> Vastupidav nailonk\u00f6is, s\u00e4delevad klaashelmed ja h\u00f5bedased konksud, mis tagavad vastupidavuse ja s\u00e4ra.<\/li>\n<li><strong>Stiil:<\/strong> Ideaalne, et lisada oma v\u00e4limusele veidi kunstlikkust.<\/li>\n<li><strong>Suurus:<\/strong> Laius &#8211; 1,5 cm (0,59&#8243;), pikkus &#8211; 3 cm (1,18&#8243;).<\/li>\n<li><strong>Kerge mugavus:<\/strong> M\u00f5eldud igap\u00e4evaseks kandmiseks ilma raskustundeta.<\/li>\n<\/ul>\n<p><strong>Miks need sulle meeldivad:<\/strong><br \/>\nNeed v\u00e4ikesed mikrokeraamilised k\u00f5rvar\u00f5ngad sobivad suurep\u00e4raselt vabaaja riietesse, pidulikele \u00fcritustele v\u00f5i l\u00e4bim\u00f5eldud kingituseks kellelegi, kes armastab k\u00e4sitsi valmistatud ehteid. Nende pehmed roosa ja hallid toonid lisavad peene, kuid stiilse aktsendi, mist\u00f5ttu on neid lihtne kombineerida erinevate v\u00e4limustega &#8211; alates modernsest minimalismist kuni vabameelsete boho vibratsioonideni.<\/p>\n","protected":false},"excerpt":{"rendered":"<p>Lisa oma stiilile elegantsust ja v\u00f5lu nende \u00f5rnade roosa ja halli makramee k\u00f5rvar\u00f5ngastega. Need on disainitud hoolikalt ja detailidele t\u00e4helepanu p\u00f6\u00f6rates, neis on keerulised s\u00f5lmed ja s\u00e4ravad klaashelmed, mis teevad neist t\u00e4iusliku aksessuaari igaks juhuks. Nende kompaktne suurus ja kerge disain tagavad mugavuse kogu p\u00e4evaks, ilma et see kahjustaks stiili.<\/p>\n","protected":false},"featured_media":1399,"comment_status":"open","ping_status":"closed","template":"","meta":[],"product_cat":[65,74],"product_tag":[],"class_list":{"0":"post-1388","1":"product","2":"type-product","3":"status-publish","4":"has-post-thumbnail","6":"product_cat-kasitsi-valmistatud-korvarongad","7":"product_cat-roosad","9":"first","10":"instock","11":"shipping-taxable","12":"product-type-external"},"_links":{"self":[{"href":"https:\/\/modishhandmade.com\/et\/wp-json\/wp\/v2\/product\/1388","targetHints":{"allow":["GET"]}}],"collection":[{"href":"https:\/\/modishhandmade.com\/et\/wp-json\/wp\/v2\/product"}],"about":[{"href":"https:\/\/modishhandmade.com\/et\/wp-json\/wp\/v2\/types\/product"}],"replies":[{"embeddable":true,"href":"https:\/\/modishhandmade.com\/et\/wp-json\/wp\/v2\/comments?post=1388"}],"wp:featuredmedia":[{"embeddable":true,"href":"https:\/\/modishhandmade.com\/et\/wp-json\/wp\/v2\/media\/1399"}],"wp:attachment":[{"href":"https:\/\/modishhandmade.com\/et\/wp-json\/wp\/v2\/media?parent=1388"}],"wp:term":[{"taxonomy":"product_cat","embeddable":true,"href":"https:\/\/modishhandmade.com\/et\/wp-json\/wp\/v2\/product_cat?post=1388"},{"taxonomy":"product_tag","embeddable":true,"href":"https:\/\/modishhandmade.com\/et\/wp-json\/wp\/v2\/product_tag?post=1388"}],"curies":[{"name":"wp","href":"https:\/\/api.w.org\/{rel}","templated":true}]}}