{"id":1376,"date":"2025-01-08T15:22:43","date_gmt":"2025-01-08T15:22:43","guid":{"rendered":"https:\/\/modishhandmade.com\/product\/punased-ja-kollased-makramee-korvarongad\/"},"modified":"2025-03-16T13:45:03","modified_gmt":"2025-03-16T13:45:03","slug":"punased-ja-kollased-makramee-korvarongad","status":"publish","type":"product","link":"https:\/\/modishhandmade.com\/et\/product\/punased-ja-kollased-makramee-korvarongad\/","title":{"rendered":"Punased ja kollased makramee k\u00f5rvar\u00f5ngad"},"content":{"rendered":"<p>V\u00e4rskenda oma stiili nende pilkup\u00fc\u00fcdvate punaste ja kollaste makramee k\u00f5rvar\u00f5ngaste abil. Need on k\u00e4sitsi ja hoolikalt valmistatud ning neil on keerulised s\u00f5lmed ja \u00f5rnad detailid, mis muudab need t\u00e4iuslikuks t\u00e4ienduseks igale boheemlaslikule v\u00f5i hipi inspireeritud v\u00e4limusele.<\/p>\n<p><strong>Toote \u00fcksikasjad:<\/strong><\/p>\n<ul>\n<li><strong>Materjalid:<\/strong> Tugev nailonk\u00f6is, s\u00e4delevad klaashelmed ja h\u00f5bedased r\u00f5ngad.<\/li>\n<li><strong>Stiil:<\/strong> Stiil: Boho ja hipi inspireeritud disain, mis annab unikaalse, kunstilise puudutuse.<\/li>\n<li><strong>Suurus:<\/strong> Laius &#8211; 2,3 cm (0,9&#8243;), pikkus &#8211; 3,5 cm (1,37&#8243;).<\/li>\n<\/ul>\n<p>Need k\u00e4sitsi valmistatud s\u00f5lmedega k\u00f5rvar\u00f5ngad on kerged ja mugavad ning sobivad nii igap\u00e4evaseks kandmiseks kui ka erilisteks s\u00fcndmusteks.<\/p>\n","protected":false},"excerpt":{"rendered":"<p>V\u00e4rskenda oma stiili nende pilkup\u00fc\u00fcdvate punaste ja kollaste makramee k\u00f5rvar\u00f5ngaste abil. Need on k\u00e4sitsi ja hoolikalt valmistatud ning neil on keerulised s\u00f5lmed ja \u00f5rnad detailid, mis muudab need t\u00e4iuslikuks t\u00e4ienduseks igale boheemlaslikule v\u00f5i hipi inspireeritud v\u00e4limusele.<\/p>\n","protected":false},"featured_media":1395,"comment_status":"open","ping_status":"closed","template":"","meta":[],"product_cat":[65,75],"product_tag":[],"class_list":{"0":"post-1376","1":"product","2":"type-product","3":"status-publish","4":"has-post-thumbnail","6":"product_cat-kasitsi-valmistatud-korvarongad","7":"product_cat-kollased","9":"first","10":"instock","11":"shipping-taxable","12":"product-type-external"},"_links":{"self":[{"href":"https:\/\/modishhandmade.com\/et\/wp-json\/wp\/v2\/product\/1376","targetHints":{"allow":["GET"]}}],"collection":[{"href":"https:\/\/modishhandmade.com\/et\/wp-json\/wp\/v2\/product"}],"about":[{"href":"https:\/\/modishhandmade.com\/et\/wp-json\/wp\/v2\/types\/product"}],"replies":[{"embeddable":true,"href":"https:\/\/modishhandmade.com\/et\/wp-json\/wp\/v2\/comments?post=1376"}],"wp:featuredmedia":[{"embeddable":true,"href":"https:\/\/modishhandmade.com\/et\/wp-json\/wp\/v2\/media\/1395"}],"wp:attachment":[{"href":"https:\/\/modishhandmade.com\/et\/wp-json\/wp\/v2\/media?parent=1376"}],"wp:term":[{"taxonomy":"product_cat","embeddable":true,"href":"https:\/\/modishhandmade.com\/et\/wp-json\/wp\/v2\/product_cat?post=1376"},{"taxonomy":"product_tag","embeddable":true,"href":"https:\/\/modishhandmade.com\/et\/wp-json\/wp\/v2\/product_tag?post=1376"}],"curies":[{"name":"wp","href":"https:\/\/api.w.org\/{rel}","templated":true}]}}