{"id":1374,"date":"2025-01-08T15:30:03","date_gmt":"2025-01-08T15:30:03","guid":{"rendered":"https:\/\/modishhandmade.com\/product\/smaragdrohelised-makramee-korvarongad\/"},"modified":"2025-01-08T15:30:03","modified_gmt":"2025-01-08T15:30:03","slug":"smaragdrohelised-makramee-korvarongad","status":"publish","type":"product","link":"https:\/\/modishhandmade.com\/et\/product\/smaragdrohelised-makramee-korvarongad\/","title":{"rendered":"Smaragdrohelised makramee k\u00f5rvar\u00f5ngad"},"content":{"rendered":"<p>Lisage oma v\u00e4limusele elegantset ja v\u00e4rvilist laengut nende tumeroheliste makramee k\u00f5rvar\u00f5ngaste abil. Keerukate k\u00e4sitsi kootud mustritega, mis \u00fchendavad boheemlaslikku v\u00f5lu ja kaasaegset stiili, muutes need mitmek\u00fclgseks aksessuaariks igal korral. <\/p>\n<p><strong>Toote \u00fcksikasjad:<\/strong><\/p>\n<ul>\n<li><strong>Materjalid:<\/strong> Vastupidav nailonk\u00f6is, s\u00e4ravad klaashelmed ja h\u00f5bedased konksud.<\/li>\n<li><strong>Stiil:<\/strong> Stiil: Boho ja hipi inspireeritud, et saavutada l\u00f5dvestunud, kuid stiilne \u00f5hkkond.<\/li>\n<li><strong>Suurus:<\/strong> (1,57&#8243;), laius &#8211; 1,7 cm (0,67&#8243;).<\/li>\n<li><strong>Kerge disain:<\/strong> Mugav kogu p\u00e4eva kandmiseks, ilma et see koormaks sind.<\/li>\n<\/ul>\n<p>Need smaragdk\u00f5rvar\u00f5ngad sobivad suurep\u00e4raselt vabaaja riietesse, festivalidele v\u00f5i t\u00e4helepanelikuks kingituseks kellelegi erilisele.<\/p>\n","protected":false},"excerpt":{"rendered":"<p>Lisage oma v\u00e4limusele elegantset ja v\u00e4rvilist laengut nende tumeroheliste makramee k\u00f5rvar\u00f5ngaste abil. Keerukate k\u00e4sitsi kootud mustritega \u00fchendavad need boheemlaslikku v\u00f5lu kaasaegse stiiliga, muutes need mitmek\u00fclgseks aksessuaariks igaks juhuks. <\/p>\n","protected":false},"featured_media":1377,"comment_status":"open","ping_status":"closed","template":"","meta":[],"product_cat":[65,68],"product_tag":[],"class_list":{"0":"post-1374","1":"product","2":"type-product","3":"status-publish","4":"has-post-thumbnail","6":"product_cat-kasitsi-valmistatud-korvarongad","7":"product_cat-rohelised","9":"first","10":"instock","11":"shipping-taxable","12":"product-type-external"},"_links":{"self":[{"href":"https:\/\/modishhandmade.com\/et\/wp-json\/wp\/v2\/product\/1374","targetHints":{"allow":["GET"]}}],"collection":[{"href":"https:\/\/modishhandmade.com\/et\/wp-json\/wp\/v2\/product"}],"about":[{"href":"https:\/\/modishhandmade.com\/et\/wp-json\/wp\/v2\/types\/product"}],"replies":[{"embeddable":true,"href":"https:\/\/modishhandmade.com\/et\/wp-json\/wp\/v2\/comments?post=1374"}],"wp:featuredmedia":[{"embeddable":true,"href":"https:\/\/modishhandmade.com\/et\/wp-json\/wp\/v2\/media\/1377"}],"wp:attachment":[{"href":"https:\/\/modishhandmade.com\/et\/wp-json\/wp\/v2\/media?parent=1374"}],"wp:term":[{"taxonomy":"product_cat","embeddable":true,"href":"https:\/\/modishhandmade.com\/et\/wp-json\/wp\/v2\/product_cat?post=1374"},{"taxonomy":"product_tag","embeddable":true,"href":"https:\/\/modishhandmade.com\/et\/wp-json\/wp\/v2\/product_tag?post=1374"}],"curies":[{"name":"wp","href":"https:\/\/api.w.org\/{rel}","templated":true}]}}