{"id":1373,"date":"2025-01-08T15:31:43","date_gmt":"2025-01-08T15:31:43","guid":{"rendered":"https:\/\/modishhandmade.com\/product\/sinised-makramee-korvarongad\/"},"modified":"2025-10-03T05:57:40","modified_gmt":"2025-10-03T05:57:40","slug":"sinised-makramee-korvarongad","status":"publish","type":"product","link":"https:\/\/modishhandmade.com\/et\/product\/sinised-makramee-korvarongad\/","title":{"rendered":"Sinised makramee k\u00f5rvar\u00f5ngad"},"content":{"rendered":"<p>T\u00e4ienda oma stiili nende elegantsete siniste makramee k\u00f5rvar\u00f5ngaste abil. K\u00e4sit\u00f6\u00f6na t\u00e4pselt valmistatud, keerulised s\u00f5lmed ja s\u00e4delevad klaashelmed loovad t\u00e4iusliku segu boheemlaslikust sarmist ja moodsast elegantsist.<\/p>\n<p><strong>Toote \u00fcksikasjad:<\/strong><\/p>\n<ul>\n<li><strong>Materjalid:<\/strong> Tugev nailonk\u00f6is, s\u00e4ravad klaashelmed ja h\u00f5bedased konksud.<\/li>\n<li><strong>Stiil:<\/strong> Stiil: Boho ja hipi inspireeritud disain, mis annab unikaalse, kunstilise puudutuse.<\/li>\n<li><strong>Suurus:<\/strong> Laius &#8211; 1,5 cm (0,59&#8243;), pikkus &#8211; 3 cm (1,18&#8243;).<\/li>\n<li><strong>Kerge ja mugav:<\/strong> Ideaalne kogu p\u00e4eva kandmiseks ilma ebamugavustundeta.<\/li>\n<\/ul>\n<p>Need mikrokraamiga k\u00f5rvar\u00f5ngad sobivad ideaalselt igap\u00e4evaseks riietuseks, festivalidele v\u00f5i l\u00e4bim\u00f5eldud kingituseks kellelegi erilisele.<\/p>\n","protected":false},"excerpt":{"rendered":"<p>T\u00e4ienda oma stiili nende elegantsete siniste makramee k\u00f5rvar\u00f5ngaste abil. K\u00e4sit\u00f6\u00f6na t\u00e4pselt valmistatud, keerulised s\u00f5lmed ja s\u00e4delevad klaashelmed loovad t\u00e4iusliku segu boheemlaslikust sarmist ja moodsast elegantsist.<\/p>\n","protected":false},"featured_media":1375,"comment_status":"open","ping_status":"closed","template":"","meta":[],"product_cat":[65,73],"product_tag":[],"class_list":{"0":"post-1373","1":"product","2":"type-product","3":"status-publish","4":"has-post-thumbnail","6":"product_cat-kasitsi-valmistatud-korvarongad","7":"product_cat-sinised","9":"first","10":"instock","11":"sale","12":"shipping-taxable","13":"product-type-external"},"_links":{"self":[{"href":"https:\/\/modishhandmade.com\/et\/wp-json\/wp\/v2\/product\/1373","targetHints":{"allow":["GET"]}}],"collection":[{"href":"https:\/\/modishhandmade.com\/et\/wp-json\/wp\/v2\/product"}],"about":[{"href":"https:\/\/modishhandmade.com\/et\/wp-json\/wp\/v2\/types\/product"}],"replies":[{"embeddable":true,"href":"https:\/\/modishhandmade.com\/et\/wp-json\/wp\/v2\/comments?post=1373"}],"wp:featuredmedia":[{"embeddable":true,"href":"https:\/\/modishhandmade.com\/et\/wp-json\/wp\/v2\/media\/1375"}],"wp:attachment":[{"href":"https:\/\/modishhandmade.com\/et\/wp-json\/wp\/v2\/media?parent=1373"}],"wp:term":[{"taxonomy":"product_cat","embeddable":true,"href":"https:\/\/modishhandmade.com\/et\/wp-json\/wp\/v2\/product_cat?post=1373"},{"taxonomy":"product_tag","embeddable":true,"href":"https:\/\/modishhandmade.com\/et\/wp-json\/wp\/v2\/product_tag?post=1373"}],"curies":[{"name":"wp","href":"https:\/\/api.w.org\/{rel}","templated":true}]}}