{"id":1353,"date":"2025-01-08T15:49:14","date_gmt":"2025-01-08T15:49:14","guid":{"rendered":"https:\/\/modishhandmade.com\/product\/punased-ja-rohelised-micromacrame-korvarongad\/"},"modified":"2025-03-16T12:39:46","modified_gmt":"2025-03-16T12:39:46","slug":"punased-ja-rohelised-micromacrame-korvarongad","status":"publish","type":"product","link":"https:\/\/modishhandmade.com\/et\/product\/punased-ja-rohelised-micromacrame-korvarongad\/","title":{"rendered":"Punased ja rohelised Micromacrame k\u00f5rvar\u00f5ngad"},"content":{"rendered":"<p>V\u00e4rskenda oma stiili nende uimastavate punaste ja roheliste mikrokeraamiliste k\u00f5rvar\u00f5ngastega, mis sobivad ideaalselt neile, kes armastavad boheemlaslikku ja hipi esteetikat. Need t\u00e4psusega k\u00e4sitsi valmistatud k\u00f5rvar\u00f5ngad \u00fchendavad elavat v\u00e4rvi ja keerulise disaini, et luua t\u00f5eliselt ainulaadne aksessuaar.<\/p>\n<p><strong>Kvaliteetsed materjalid<\/strong><br \/>\nNeed k\u00f5rvar\u00f5ngad on valmistatud vastupidavast nailonk\u00f6iest ja kaunistatud s\u00e4ravate kristallklaashelmedega. Makrameetehnika lisab s\u00fcgavust ja tekstuuri, n\u00e4idates oskuslikku kunstnikut\u00f6\u00f6d iga teose taga.<\/p>\n<p><strong>Stiilsed ja kerged<\/strong><br \/>\n5 cm pikkused k\u00f5rvar\u00f5ngad on julged ja silmatorkavad, ilma et need oleksid \u00fcle j\u00f5u k\u00e4ivad. Need on kerged ja mugavad, mist\u00f5ttu sobivad need ideaalselt pikaajaliseks kandmiseks.<\/p>\n<p><strong>Mitmek\u00fclgne ja ainulaadne<\/strong><br \/>\nElavatest punastest ja rohelistest toonidest saavad need k\u00f5rvar\u00f5ngad suurep\u00e4raseks aksessuaariks, mis sobib ideaalselt festivalidele, vabaaja v\u00e4ljas\u00f5itudele v\u00f5i mis tahes \u00fcritusele, kus soovite v\u00e4ljendada oma individuaalsust. Need sobivad suurep\u00e4raselt voolavate kleitide, mahedates toonides v\u00f5i mis tahes boho-inspireeritud riietusega.<\/p>\n<p><strong>Hooldusn\u00f5uanded<\/strong><br \/>\nEt k\u00f5rvar\u00f5ngad p\u00fcsiksid parimad, hoidke neid kuivas kohas ja v\u00e4ltige nende kokkupuudet vee v\u00f5i kemikaalidega.<\/p>\n<p>Kui teil on k\u00fcsimusi v\u00f5i erisoove, v\u00f5tke julgelt \u00fchendust. Lisage need mikrokeraamilised k\u00f5rvar\u00f5ngad oma kollektsiooni ja laske nende k\u00e4sitsi valmistatud v\u00f5lu suurendada oma stiili!<\/p>\n","protected":false},"excerpt":{"rendered":"<p>V\u00e4rskenda oma stiili nende uimastavate punaste ja roheliste mikrokeraamiliste k\u00f5rvar\u00f5ngastega, mis sobivad ideaalselt neile, kes armastavad boheemlaslikku ja hipi esteetikat. Need t\u00e4psusega k\u00e4sitsi valmistatud k\u00f5rvar\u00f5ngad \u00fchendavad elavat v\u00e4rvi ja keerulise disaini, et luua t\u00f5eliselt ainulaadne aksessuaar.<\/p>\n","protected":false},"featured_media":1362,"comment_status":"open","ping_status":"closed","template":"","meta":[],"product_cat":[68,65],"product_tag":[],"class_list":{"0":"post-1353","1":"product","2":"type-product","3":"status-publish","4":"has-post-thumbnail","6":"product_cat-rohelised","7":"product_cat-kasitsi-valmistatud-korvarongad","9":"first","10":"instock","11":"shipping-taxable","12":"product-type-external"},"_links":{"self":[{"href":"https:\/\/modishhandmade.com\/et\/wp-json\/wp\/v2\/product\/1353","targetHints":{"allow":["GET"]}}],"collection":[{"href":"https:\/\/modishhandmade.com\/et\/wp-json\/wp\/v2\/product"}],"about":[{"href":"https:\/\/modishhandmade.com\/et\/wp-json\/wp\/v2\/types\/product"}],"replies":[{"embeddable":true,"href":"https:\/\/modishhandmade.com\/et\/wp-json\/wp\/v2\/comments?post=1353"}],"wp:featuredmedia":[{"embeddable":true,"href":"https:\/\/modishhandmade.com\/et\/wp-json\/wp\/v2\/media\/1362"}],"wp:attachment":[{"href":"https:\/\/modishhandmade.com\/et\/wp-json\/wp\/v2\/media?parent=1353"}],"wp:term":[{"taxonomy":"product_cat","embeddable":true,"href":"https:\/\/modishhandmade.com\/et\/wp-json\/wp\/v2\/product_cat?post=1353"},{"taxonomy":"product_tag","embeddable":true,"href":"https:\/\/modishhandmade.com\/et\/wp-json\/wp\/v2\/product_tag?post=1353"}],"curies":[{"name":"wp","href":"https:\/\/api.w.org\/{rel}","templated":true}]}}