{"id":1352,"date":"2025-01-09T08:19:34","date_gmt":"2025-01-09T08:19:34","guid":{"rendered":"https:\/\/modishhandmade.com\/product\/3-makramee-kaevorude-komplekt\/"},"modified":"2025-10-12T00:49:14","modified_gmt":"2025-10-12T00:49:14","slug":"3-makramee-kaevorude-komplekt","status":"publish","type":"product","link":"https:\/\/modishhandmade.com\/et\/product\/3-makramee-kaevorude-komplekt\/","title":{"rendered":"3 makramee k\u00e4ev\u00f5rude komplekt"},"content":{"rendered":"<p>T\u00e4ienda oma aksessuaaride kollektsiooni selle elava 3 k\u00e4sitsi valmistatud makramee k\u00e4ev\u00f5rude komplektiga, mis sobib ideaalselt igale naisele, kes hindab boho \u0161ikkust. Need v\u00e4rvilised s\u00f5pruse k\u00e4ev\u00f5rud on loodud selleks, et tuua oma igap\u00e4evasesse v\u00e4limusse isikup\u00e4ra ja v\u00f5lu, olles samas piisavalt mitmek\u00fclgne eriliste s\u00fcndmuste jaoks. <\/p>\n<p>Iga k\u00e4ev\u00f5ru on valmistatud t\u00e4pselt ja selle vastupidav nailonk\u00f6is on p\u00f5imitud \u00f5rnade kristallklaashelmedega, mis annavad keerulise, kuid samas m\u00e4ngulise l\u00f5pptulemuse. Metallist n\u00f6\u00f6bid lisavad funktsionaalset ja stiilset puudutust, tagades kindla kinnituse ja h\u00f5lpsa kandmise. <\/p>\n<p><strong>Peamised omadused:<\/strong><\/p>\n<ul>\n<li><strong>Materjal:<\/strong> Kvaliteetne nailonk\u00f6is, kristallklaashelmed ja vastupidavad metalln\u00f6\u00f6bid tagavad pikaealisuse ja stiilsuse.<\/li>\n<li><strong>Reguleeritavad suurused:<\/strong> (2,36&#8243;) l\u00e4bim\u00f5\u00f5duga randmetele, kusjuures on v\u00f5imalik valida kohandatud suurus, et see sobiks ideaalselt.<\/li>\n<li><strong>Unikaalne disain:<\/strong> Iga k\u00e4ev\u00f5ru on keeruliselt k\u00e4sitsi kootud, mis muudab iga t\u00fcki ainulaadseks. Eredad v\u00e4rvid ja boheemlaslik stiil muudavad need k\u00e4ev\u00f5rud ideaalseks kingituseks v\u00f5i isiklikuks aksessuaariks. <\/li>\n<\/ul>\n<p>See makramee k\u00e4ev\u00f5rude komplekt on ideaalne valik, kui soovite t\u00e4iendada oma vabaaja riietust v\u00f5i lisada elegantset riietust. V\u00e4rviline disain kehastab s\u00f5pruse ja loovuse vaimu, mis muudab need mitte lihtsalt ehteks, vaid \u00fchenduse ja r\u00f5\u00f5mu s\u00fcmboliks. <\/p>\n<p>Las need k\u00e4ev\u00f5rud inspireerivad teie stiili ja r\u00e4\u00e4givad teie lugu. Ideaalne kingitus l\u00e4hedastele v\u00f5i kingitus iseendale!<\/p>\n","protected":false},"excerpt":{"rendered":"<p>T\u00e4ienda oma aksessuaaride kollektsiooni selle elava 3 k\u00e4sitsi valmistatud makramee k\u00e4ev\u00f5rude komplektiga, mis sobib ideaalselt igale naisele, kes hindab boho \u0161ikkust. Need v\u00e4rvilised s\u00f5pruse k\u00e4ev\u00f5rud on loodud selleks, et tuua oma igap\u00e4evasesse v\u00e4limusse isikup\u00e4ra ja v\u00f5lu, olles samas piisavalt mitmek\u00fclgne eriliste s\u00fcndmuste jaoks. <\/p>\n","protected":false},"featured_media":1354,"comment_status":"open","ping_status":"closed","template":"","meta":[],"product_cat":[66],"product_tag":[],"class_list":{"0":"post-1352","1":"product","2":"type-product","3":"status-publish","4":"has-post-thumbnail","6":"product_cat-kasitsi-valmistatud-kaevorud","8":"first","9":"instock","10":"shipping-taxable","11":"product-type-external"},"_links":{"self":[{"href":"https:\/\/modishhandmade.com\/et\/wp-json\/wp\/v2\/product\/1352","targetHints":{"allow":["GET"]}}],"collection":[{"href":"https:\/\/modishhandmade.com\/et\/wp-json\/wp\/v2\/product"}],"about":[{"href":"https:\/\/modishhandmade.com\/et\/wp-json\/wp\/v2\/types\/product"}],"replies":[{"embeddable":true,"href":"https:\/\/modishhandmade.com\/et\/wp-json\/wp\/v2\/comments?post=1352"}],"wp:featuredmedia":[{"embeddable":true,"href":"https:\/\/modishhandmade.com\/et\/wp-json\/wp\/v2\/media\/1354"}],"wp:attachment":[{"href":"https:\/\/modishhandmade.com\/et\/wp-json\/wp\/v2\/media?parent=1352"}],"wp:term":[{"taxonomy":"product_cat","embeddable":true,"href":"https:\/\/modishhandmade.com\/et\/wp-json\/wp\/v2\/product_cat?post=1352"},{"taxonomy":"product_tag","embeddable":true,"href":"https:\/\/modishhandmade.com\/et\/wp-json\/wp\/v2\/product_tag?post=1352"}],"curies":[{"name":"wp","href":"https:\/\/api.w.org\/{rel}","templated":true}]}}