{"id":1343,"date":"2025-01-08T15:47:35","date_gmt":"2025-01-08T15:47:35","guid":{"rendered":"https:\/\/modishhandmade.com\/product\/pikad-pruunid-makramee-korvarongad\/"},"modified":"2025-03-16T12:17:34","modified_gmt":"2025-03-16T12:17:34","slug":"pikad-pruunid-makramee-korvarongad","status":"publish","type":"product","link":"https:\/\/modishhandmade.com\/et\/product\/pikad-pruunid-makramee-korvarongad\/","title":{"rendered":"Pikad pruunid makramee k\u00f5rvar\u00f5ngad"},"content":{"rendered":"<p>Need k\u00e4sitsi valmistatud makramee k\u00f5rvar\u00f5ngad on t\u00e4iuslik kombinatsioon boheemlaslikust sarmist ja hipi elegantsist. Need on disainitud nii, et need paistavad silma ja toovad igale riietusele ainulaadse kunstip\u00e4rase n\u00fcansi.<\/p>\n<p><strong>Esmaklassilised materjalid<\/strong><br \/>\nNeed k\u00f5rvar\u00f5ngad on valmistatud vastupidavast nailonk\u00f6iest ja s\u00e4ravatest kristallklaashelmestest ning on kerged, kuid samas vastupidavad. Makramee-tehnika lisab keerulise tekstuuri, mis r\u00f5hutab nende k\u00e4sitsi valmistatud kvaliteeti, tagades teie kollektsiooni erilise aksessuaari.<\/p>\n<p><strong>Elegantsed m\u00f5\u00f5tmed<\/strong><br \/>\n5 cm (1,97 tolli) kogupikkusega on need k\u00f5rvar\u00f5ngad piisavalt pikad, et anda m\u00e4rku, kuid samas piisavalt peened igap\u00e4evaseks kandmiseks. Nende harmooniline segu maal\u00e4hedastest pruunidest toonidest ja tumerohelistest aktsentidest loob loomuliku ja ajatu v\u00e4limuse.<\/p>\n<p><strong>Mitmek\u00fclgne stiil<\/strong><br \/>\nNeed k\u00f5rvar\u00f5ngad sobivad ideaalselt boho entusiastidele ja t\u00e4iendavad nii vabaaja- kui ka festivaliriietust v\u00f5i isegi elegantsemaid komplekte. \u00dcksk\u00f5ik, kas sa \u00fchendad neid voolava kleidi v\u00f5i lihtsa topi ja teksadega, need t\u00f5stavad su stiili vaevata.<\/p>\n<p><strong>Hooldusjuhised<\/strong><br \/>\nIlu s\u00e4ilitamiseks v\u00e4ltige pikemaajalist kokkupuudet vee v\u00f5i karmide kemikaalidega.<\/p>\n<p>Kui teil on k\u00fcsimusi v\u00f5i erisoove, v\u00f5tke julgelt \u00fchendust. Need k\u00f5rvar\u00f5ngad sobivad suurep\u00e4raseks kingituseks endale v\u00f5i kellelegi erilisele, kes hindab k\u00e4sitsi valmistatud kunsti ja unikaalset disaini.<\/p>\n","protected":false},"excerpt":{"rendered":"<p>Need k\u00e4sitsi valmistatud makramee k\u00f5rvar\u00f5ngad on t\u00e4iuslik kombinatsioon boheemlaslikust sarmist ja hipi elegantsist. Need on disainitud nii, et need paistavad silma ja annavad igale riietusele ainulaadse kunstilise n\u00fcansi.<\/p>\n","protected":false},"featured_media":1351,"comment_status":"open","ping_status":"closed","template":"","meta":[],"product_cat":[65],"product_tag":[],"class_list":{"0":"post-1343","1":"product","2":"type-product","3":"status-publish","4":"has-post-thumbnail","6":"product_cat-kasitsi-valmistatud-korvarongad","8":"first","9":"instock","10":"shipping-taxable","11":"product-type-external"},"_links":{"self":[{"href":"https:\/\/modishhandmade.com\/et\/wp-json\/wp\/v2\/product\/1343","targetHints":{"allow":["GET"]}}],"collection":[{"href":"https:\/\/modishhandmade.com\/et\/wp-json\/wp\/v2\/product"}],"about":[{"href":"https:\/\/modishhandmade.com\/et\/wp-json\/wp\/v2\/types\/product"}],"replies":[{"embeddable":true,"href":"https:\/\/modishhandmade.com\/et\/wp-json\/wp\/v2\/comments?post=1343"}],"wp:featuredmedia":[{"embeddable":true,"href":"https:\/\/modishhandmade.com\/et\/wp-json\/wp\/v2\/media\/1351"}],"wp:attachment":[{"href":"https:\/\/modishhandmade.com\/et\/wp-json\/wp\/v2\/media?parent=1343"}],"wp:term":[{"taxonomy":"product_cat","embeddable":true,"href":"https:\/\/modishhandmade.com\/et\/wp-json\/wp\/v2\/product_cat?post=1343"},{"taxonomy":"product_tag","embeddable":true,"href":"https:\/\/modishhandmade.com\/et\/wp-json\/wp\/v2\/product_tag?post=1343"}],"curies":[{"name":"wp","href":"https:\/\/api.w.org\/{rel}","templated":true}]}}