{"id":1329,"date":"2025-01-08T15:44:26","date_gmt":"2025-01-08T15:44:26","guid":{"rendered":"https:\/\/modishhandmade.com\/product\/burgundia-varvi-korvarongad-2\/"},"modified":"2025-03-16T13:47:31","modified_gmt":"2025-03-16T13:47:31","slug":"burgundia-varvi-korvarongad-2","status":"publish","type":"product","link":"https:\/\/modishhandmade.com\/et\/product\/burgundia-varvi-korvarongad-2\/","title":{"rendered":"Burgundia v\u00e4rvi k\u00f5rvar\u00f5ngad"},"content":{"rendered":"<p>Lisage oma ehtekollektsiooni boheemlaslikku elegantsi nende peenete burgundia v\u00e4rvi riputatavate k\u00f5rvar\u00f5ngastega. Need k\u00e4sit\u00f6\u00f6na valminud ehted on m\u00f5eldud boho ja hipi stiili austajatele ja sobivad suurep\u00e4raselt peene, kuid samas m\u00f5jusa moeavalduse tegemiseks.<\/p>\n<p><strong>Materjalid ja k\u00e4sit\u00f6\u00f6<\/strong><br \/>\nIga paar on hoolikalt valmistatud kvaliteetsest nailonk\u00f6iest, s\u00e4ravatest klaaskristallihelmedest ja k\u00e4sitsi valmistatud vasest r\u00f5ngastest. Mikrokinnitustehnika annab disainile \u00f5rna ja keerulise tekstuuri, mis muudab need k\u00f5rvar\u00f5ngad oskusliku k\u00e4sit\u00f6\u00f6 tunnistajaks.<\/p>\n<p><strong>Elegantne ja kerge disain<\/strong><br \/>\nNeed k\u00f5rvar\u00f5ngad on 3 cm (1,18 tolli) pikkused ja 2,5 cm (0,98 tolli) laiused, mis teeb need k\u00f5rvar\u00f5ngad kompaktseks, kuid samas silmatorkavaks. Nad kaaluvad vaid 4 grammi ja on kerged, tagades mugavuse pikemaks kandmiseks.<\/p>\n<p><strong>Mitmek\u00fclgne ja stiilne<\/strong><br \/>\nS\u00fcgavad burgundia toonid ja delikaatsed detailid muudavad need k\u00f5rvar\u00f5ngad sobivaks erinevatel puhkudel. Olenemata sellest, kas riietute boheemlaslikule festivalile, vabaaja v\u00e4ljas\u00f5idule v\u00f5i isegi romantilisele \u00f5htule, on need ideaalne aksessuaar, mis t\u00f5stab teie riietust.<\/p>\n<p><strong>V\u00e4rvivastutus<\/strong><br \/>\nPalun pange t\u00e4hele, et monitoriseadete erinevuste t\u00f5ttu v\u00f5ivad tegelikud v\u00e4rvid pisut erineda sellest, mis teie ekraanil kuvatakse.<\/p>\n<p>V\u00f5tke julgelt \u00fchendust k\u00fcsimuste v\u00f5i erisoovidega. V\u00f5tke omaks k\u00e4sit\u00f6\u00f6 ilu ja tehke need k\u00f5rvar\u00f5ngad osaks oma unikaalsest stiilist juba t\u00e4na!<\/p>\n","protected":false},"excerpt":{"rendered":"<p>Lisage oma ehtekollektsiooni boheemlaslikku elegantsi nende peenete burgundia v\u00e4rvi riputatavate k\u00f5rvar\u00f5ngastega. Need k\u00e4sit\u00f6\u00f6na valminud ehted on m\u00f5eldud boho ja hipi stiili austajatele ja sobivad suurep\u00e4raselt peene, kuid samas m\u00f5jusa moeavalduse tegemiseks.<\/p>\n","protected":false},"featured_media":1331,"comment_status":"open","ping_status":"closed","template":"","meta":[],"product_cat":[65,74],"product_tag":[],"class_list":{"0":"post-1329","1":"product","2":"type-product","3":"status-publish","4":"has-post-thumbnail","6":"product_cat-kasitsi-valmistatud-korvarongad","7":"product_cat-roosad","9":"first","10":"instock","11":"shipping-taxable","12":"product-type-external"},"_links":{"self":[{"href":"https:\/\/modishhandmade.com\/et\/wp-json\/wp\/v2\/product\/1329","targetHints":{"allow":["GET"]}}],"collection":[{"href":"https:\/\/modishhandmade.com\/et\/wp-json\/wp\/v2\/product"}],"about":[{"href":"https:\/\/modishhandmade.com\/et\/wp-json\/wp\/v2\/types\/product"}],"replies":[{"embeddable":true,"href":"https:\/\/modishhandmade.com\/et\/wp-json\/wp\/v2\/comments?post=1329"}],"wp:featuredmedia":[{"embeddable":true,"href":"https:\/\/modishhandmade.com\/et\/wp-json\/wp\/v2\/media\/1331"}],"wp:attachment":[{"href":"https:\/\/modishhandmade.com\/et\/wp-json\/wp\/v2\/media?parent=1329"}],"wp:term":[{"taxonomy":"product_cat","embeddable":true,"href":"https:\/\/modishhandmade.com\/et\/wp-json\/wp\/v2\/product_cat?post=1329"},{"taxonomy":"product_tag","embeddable":true,"href":"https:\/\/modishhandmade.com\/et\/wp-json\/wp\/v2\/product_tag?post=1329"}],"curies":[{"name":"wp","href":"https:\/\/api.w.org\/{rel}","templated":true}]}}