{"id":1326,"date":"2025-01-09T08:31:21","date_gmt":"2025-01-09T08:31:21","guid":{"rendered":"https:\/\/modishhandmade.com\/product\/oranz-makramee-kaelakee\/"},"modified":"2025-10-20T17:33:34","modified_gmt":"2025-10-20T17:33:34","slug":"oranz-makramee-kaelakee","status":"publish","type":"product","link":"https:\/\/modishhandmade.com\/et\/product\/oranz-makramee-kaelakee\/","title":{"rendered":"Oran\u017e makramee kaelakee"},"content":{"rendered":"<p>Lisa oma garderoobi boheemlaslikku v\u00f5lu selle elava oran\u017ei makrameekaelakee abil. K\u00e4sit\u00f6\u00f6na valmistatud keeruliste detailidega, kombineerides julgeid v\u00e4rve ja unikaalseid tekstuure, et luua silmapaistev ese, mis sobib ideaalselt naistele, kes armastavad boho ja hipi stiili. <\/p>\n<p>Kaelakee koosneb k\u00e4sitsi vormitud pol\u00fcmeersavist laastudest, mis on keeruliselt p\u00f5imitud makrameedisaini koos klaas- ja puuhelmedega. Reguleeritav pikkus (47-50 cm\/18,5-19,68 tolli) tagab t\u00e4iusliku sobivuse, samal ajal kui rinnat\u00fcki stiilis ripats (5,5 cm lai ja 5 cm k\u00f5rge) lisab silmatorkava fookuspunkti igale riietusele. <\/p>\n<p><strong>Peamised omadused:<\/strong><\/p>\n<ul>\n<li><strong>Materjalid:<\/strong> Pehme nailonk\u00f6ie tagab mugavuse.<\/li>\n<li><strong>K\u00e4sitsi valmistatud k\u00e4sit\u00f6\u00f6:<\/strong> Iga kaelakee on valmistatud hoolikalt ja t\u00e4pselt makramee tehnikas, mille tulemuseks on ainulaadne teos.<\/li>\n<li><strong>Reguleeritav pikkus:<\/strong> Lihtsalt kohandada sobivaks, et see sobiks teie dekoltee v\u00f5i kihilisuse eelistuste j\u00e4rgi.<\/li>\n<li><strong>Mugav kanda:<\/strong> Pehme nailonk\u00f6is on naha vastu sile, mist\u00f5ttu sobib see kogu p\u00e4eva kandmiseks.<\/li>\n<li><strong>Tellimuse j\u00e4rgi:<\/strong> Kohandage oma kaelakee isikup\u00e4rastamiseks, mis valmib vaid 5-7 p\u00e4eva jooksul, tagades t\u00f5eliselt unikaalse aksessuaari, mis on kohandatud teie stiilile.<\/li>\n<\/ul>\n<p>See mitmev\u00e4rviline makramee-kaelakee on ideaalne valik, kui soovid kaunistada vabaaja riietust v\u00f5i teha julgelt avaldust \u00fcritusel. Selle erksad oran\u017eid toonid ja k\u00e4sitsi valmistatud detailid kehastavad loovust ja individuaalsust, mis teeb sellest suurep\u00e4rase kingituse endale v\u00f5i l\u00e4hedasele inimesele. <\/p>\n<p>T\u00e4histage oma unikaalset stiili selle uimastava rinnat\u00fcki kaelakee abil &#8211; see on kohustuslik t\u00e4iendus igale boho ehte kollektsioonile!<\/p>\n","protected":false},"excerpt":{"rendered":"<p>Lisa oma garderoobi boheemlaslikku sarmi selle elava oran\u017ei makrameekaelakee abil. K\u00e4sit\u00f6\u00f6na valmistatud keeruliste detailidega, kombineerides julgeid v\u00e4rve ja unikaalseid tekstuure, et luua silmapaistev ese, mis sobib ideaalselt naistele, kes armastavad boho ja hipi stiili. <\/p>\n<p>Kaelakee koosneb k\u00e4sitsi vormitud pol\u00fcmeersavist laastudest, mis on keeruliselt p\u00f5imitud makrameedisaini koos klaas- ja puuhelmedega. Reguleeritav pikkus (47-50 cm\/18,5-19,68 tolli) tagab t\u00e4iusliku sobivuse, samal ajal kui rinnat\u00fcki stiilis ripats (5,5 cm lai ja 5 cm k\u00f5rge) lisab silmatorkava fookuspunkti igale riietusele. <\/p>\n","protected":false},"featured_media":1334,"comment_status":"open","ping_status":"closed","template":"","meta":[],"product_cat":[64],"product_tag":[],"class_list":{"0":"post-1326","1":"product","2":"type-product","3":"status-publish","4":"has-post-thumbnail","6":"product_cat-kasitsi-valmistatud-kaelakeed","8":"first","9":"instock","10":"shipping-taxable","11":"product-type-external"},"_links":{"self":[{"href":"https:\/\/modishhandmade.com\/et\/wp-json\/wp\/v2\/product\/1326","targetHints":{"allow":["GET"]}}],"collection":[{"href":"https:\/\/modishhandmade.com\/et\/wp-json\/wp\/v2\/product"}],"about":[{"href":"https:\/\/modishhandmade.com\/et\/wp-json\/wp\/v2\/types\/product"}],"replies":[{"embeddable":true,"href":"https:\/\/modishhandmade.com\/et\/wp-json\/wp\/v2\/comments?post=1326"}],"wp:featuredmedia":[{"embeddable":true,"href":"https:\/\/modishhandmade.com\/et\/wp-json\/wp\/v2\/media\/1334"}],"wp:attachment":[{"href":"https:\/\/modishhandmade.com\/et\/wp-json\/wp\/v2\/media?parent=1326"}],"wp:term":[{"taxonomy":"product_cat","embeddable":true,"href":"https:\/\/modishhandmade.com\/et\/wp-json\/wp\/v2\/product_cat?post=1326"},{"taxonomy":"product_tag","embeddable":true,"href":"https:\/\/modishhandmade.com\/et\/wp-json\/wp\/v2\/product_tag?post=1326"}],"curies":[{"name":"wp","href":"https:\/\/api.w.org\/{rel}","templated":true}]}}