{"id":1310,"date":"2025-01-08T15:41:49","date_gmt":"2025-01-08T15:41:49","guid":{"rendered":"https:\/\/modishhandmade.com\/product\/burgundia-varvi-korvarongad\/"},"modified":"2025-03-16T13:47:08","modified_gmt":"2025-03-16T13:47:08","slug":"burgundia-varvi-korvarongad","status":"publish","type":"product","link":"https:\/\/modishhandmade.com\/et\/product\/burgundia-varvi-korvarongad\/","title":{"rendered":"Burgundia v\u00e4rvi k\u00f5rvar\u00f5ngad"},"content":{"rendered":"<p>T\u00f5sta oma stiili nende uimastavate bordoopunaste rippuvate k\u00f5rvar\u00f5ngastega, mis on t\u00e4iuslik segu boheemlaslikust sarmist ja hipivibadest. Iga paar on hoolikalt k\u00e4sitsi valmistatud, mist\u00f5ttu on need t\u00f5eliselt ainulaadsed.<\/p>\n<p><strong>Materjalid ja disain<\/strong><br \/>\nKvaliteetsetest materjalidest valmistatud k\u00f5rvar\u00f5ngad on valmistatud vastupidavast nailonk\u00f6iest, s\u00e4ravatest klaasist kristallhelmedest ja k\u00e4sitsi valmistatud vaskehadest. Keerukas mikrokinnitus r\u00f5hutab k\u00e4sit\u00f6\u00f6oskust, samal ajal kui s\u00fcgav bordoopunane toon lisab teie v\u00e4limusele elegantsust.<\/p>\n<p><strong>T\u00e4iuslikud m\u00f5\u00f5tmed<\/strong><br \/>\n4 cm pikkuse ja 3,2 cm laiusega k\u00f5rvar\u00f5ngad on disainitud nii, et need annavad endast m\u00e4rku, ilma et need tunduksid mahukad. Nad kaaluvad vaid 5 grammi, on kerged ja piisavalt mugavad kogu p\u00e4eva kandmiseks.<\/p>\n<p><strong>Mitmek\u00fclgne ja ainulaadne<\/strong><br \/>\nNeed k\u00f5rvar\u00f5ngad sobivad ideaalselt boho-laadi lisamiseks juhuslikele riietele v\u00f5i t\u00e4iendavad ametlikumat v\u00e4limust individuaalsusega. Need k\u00f5rvar\u00f5ngad kaunistavad teie komplekti vaevata, olenemata sellest, kas olete riietunud festivalile, vabaaja v\u00e4ljas\u00f5idule v\u00f5i erilisele s\u00fcndmusele.<\/p>\n<p><strong>M\u00e4rkus v\u00e4rvide kohta<\/strong><br \/>\nPalun pange t\u00e4hele, et tegelikud v\u00e4rvid v\u00f5ivad veidi erineda sellest, mida n\u00e4ete ekraanil, mis on tingitud meie kontrolli alt v\u00e4ljas olevatest monitoriseadetest.<\/p>\n<p>Kui teil on k\u00fcsimusi v\u00f5i erisoove, v\u00f5tke julgelt \u00fchendust. Tee need k\u00f5rvar\u00f5ngad juba t\u00e4na enda omaks ja naudi t\u00e4iuslikku segu kunstnikust ja stiilist!<\/p>\n","protected":false},"excerpt":{"rendered":"<p>T\u00f5sta oma stiili nende uimastavate bordoopunaste rippuvate k\u00f5rvar\u00f5ngastega, mis on t\u00e4iuslik segu boheemlaslikust sarmist ja hipivibadest. Iga paar on hoolikalt k\u00e4sitsi valmistatud, mist\u00f5ttu on need t\u00f5eliselt ainulaadsed.<\/p>\n","protected":false},"featured_media":1324,"comment_status":"open","ping_status":"closed","template":"","meta":[],"product_cat":[65,74],"product_tag":[],"class_list":{"0":"post-1310","1":"product","2":"type-product","3":"status-publish","4":"has-post-thumbnail","6":"product_cat-kasitsi-valmistatud-korvarongad","7":"product_cat-roosad","9":"first","10":"instock","11":"shipping-taxable","12":"product-type-external"},"_links":{"self":[{"href":"https:\/\/modishhandmade.com\/et\/wp-json\/wp\/v2\/product\/1310","targetHints":{"allow":["GET"]}}],"collection":[{"href":"https:\/\/modishhandmade.com\/et\/wp-json\/wp\/v2\/product"}],"about":[{"href":"https:\/\/modishhandmade.com\/et\/wp-json\/wp\/v2\/types\/product"}],"replies":[{"embeddable":true,"href":"https:\/\/modishhandmade.com\/et\/wp-json\/wp\/v2\/comments?post=1310"}],"wp:featuredmedia":[{"embeddable":true,"href":"https:\/\/modishhandmade.com\/et\/wp-json\/wp\/v2\/media\/1324"}],"wp:attachment":[{"href":"https:\/\/modishhandmade.com\/et\/wp-json\/wp\/v2\/media?parent=1310"}],"wp:term":[{"taxonomy":"product_cat","embeddable":true,"href":"https:\/\/modishhandmade.com\/et\/wp-json\/wp\/v2\/product_cat?post=1310"},{"taxonomy":"product_tag","embeddable":true,"href":"https:\/\/modishhandmade.com\/et\/wp-json\/wp\/v2\/product_tag?post=1310"}],"curies":[{"name":"wp","href":"https:\/\/api.w.org\/{rel}","templated":true}]}}