{"id":1309,"date":"2025-01-08T15:52:53","date_gmt":"2025-01-08T15:52:53","guid":{"rendered":"https:\/\/modishhandmade.com\/product\/pikad-punased-mikrokeraamilised-korvarongad\/"},"modified":"2025-01-08T15:52:53","modified_gmt":"2025-01-08T15:52:53","slug":"pikad-punased-mikrokeraamilised-korvarongad","status":"publish","type":"product","link":"https:\/\/modishhandmade.com\/et\/product\/pikad-punased-mikrokeraamilised-korvarongad\/","title":{"rendered":"Pikad punased mikrokeraamilised k\u00f5rvar\u00f5ngad"},"content":{"rendered":"<p>Lisa oma garderoobi v\u00e4rvipoppi ja kunstilist h\u00f5ngu nende kaunite pikkade punaste mikrokeraamiliste k\u00f5rvar\u00f5ngastega. Nende keerukas k\u00e4sit\u00f6\u00f6 ja boheemlaslik stiil teevad neist kohustusliku aksessuaari vabameelsetele moes\u00f5pradele. <\/p>\n<p><strong>Esmaklassilised materjalid<\/strong><br \/>\nKvaliteetsest nailonk\u00f6iest ja s\u00e4ravatest kristallklaashelmestest valmistatud k\u00f5rvar\u00f5ngad on nii kerged kui ka vastupidavad. Ereda punane toon ja \u00f5rn makramee-tehnika loovad harmoonilise segu elegantsist ja julgusest. <\/p>\n<p><strong>Mugavad ja stiilsed m\u00f5\u00f5dud<\/strong><br \/>\nNeed k\u00f5rvar\u00f5ngad on 4 cm (1,57 tolli) pikkused, mis on loodud nii, et need on efektsed, kuid samas kerged ja mugavad. N\u00f6\u00f6pk\u00f5rvar\u00f5ngad tagavad kindla kinnituse, mist\u00f5ttu sobivad need ideaalselt kogu p\u00e4eva kandmiseks. <\/p>\n<p><strong>Mitmek\u00fclgne disain<\/strong><br \/>\nNeed k\u00f5rvar\u00f5ngad lisavad igale ansamblile ainulaadse puudutuse, olenemata sellest, kas riietud festivalile, vabaaja v\u00e4ljas\u00f5idule v\u00f5i erilisele s\u00fcndmusele. Paari neid voolavate kleitide, mahedates toonides v\u00f5i isegi moodsate minimalistlike riietega, et anda vihje boho v\u00f5lu. <\/p>\n<p><strong>Hooldusjuhised<\/strong><br \/>\nK\u00f5rvar\u00f5ngaste ilu s\u00e4ilitamiseks hoidke neid kuivas kohas ja v\u00e4ltige nende kokkupuudet vee v\u00f5i kemikaalidega.<\/p>\n<p>V\u00f5tke julgelt \u00fchendust k\u00fcsimuste v\u00f5i erisoovidega. V\u00f5tke omaks k\u00e4sitsi valmistatud ehete kunsti ja laske neil uimastavatel k\u00f5rvar\u00f5ngastel oma boheemlaslikku stiili r\u00f5hutada!<\/p>\n","protected":false},"excerpt":{"rendered":"<p>Lisa oma garderoobi v\u00e4rvipoppi ja kunstilist h\u00f5ngu nende kaunite pikkade punaste mikrokeraamiliste k\u00f5rvar\u00f5ngastega. Nende keerukas k\u00e4sit\u00f6\u00f6 ja boheemlaslik stiil teevad neist kohustusliku aksessuaari vabameelsetele moes\u00f5pradele. <\/p>\n","protected":false},"featured_media":1328,"comment_status":"open","ping_status":"closed","template":"","meta":[],"product_cat":[65],"product_tag":[],"class_list":{"0":"post-1309","1":"product","2":"type-product","3":"status-publish","4":"has-post-thumbnail","6":"product_cat-kasitsi-valmistatud-korvarongad","8":"first","9":"instock","10":"shipping-taxable","11":"product-type-external"},"_links":{"self":[{"href":"https:\/\/modishhandmade.com\/et\/wp-json\/wp\/v2\/product\/1309","targetHints":{"allow":["GET"]}}],"collection":[{"href":"https:\/\/modishhandmade.com\/et\/wp-json\/wp\/v2\/product"}],"about":[{"href":"https:\/\/modishhandmade.com\/et\/wp-json\/wp\/v2\/types\/product"}],"replies":[{"embeddable":true,"href":"https:\/\/modishhandmade.com\/et\/wp-json\/wp\/v2\/comments?post=1309"}],"wp:featuredmedia":[{"embeddable":true,"href":"https:\/\/modishhandmade.com\/et\/wp-json\/wp\/v2\/media\/1328"}],"wp:attachment":[{"href":"https:\/\/modishhandmade.com\/et\/wp-json\/wp\/v2\/media?parent=1309"}],"wp:term":[{"taxonomy":"product_cat","embeddable":true,"href":"https:\/\/modishhandmade.com\/et\/wp-json\/wp\/v2\/product_cat?post=1309"},{"taxonomy":"product_tag","embeddable":true,"href":"https:\/\/modishhandmade.com\/et\/wp-json\/wp\/v2\/product_tag?post=1309"}],"curies":[{"name":"wp","href":"https:\/\/api.w.org\/{rel}","templated":true}]}}