{"id":1308,"date":"2025-01-09T08:26:39","date_gmt":"2025-01-09T08:26:39","guid":{"rendered":"https:\/\/modishhandmade.com\/product\/sinine-ja-sinepipunane-kaelakee\/"},"modified":"2025-01-09T08:26:39","modified_gmt":"2025-01-09T08:26:39","slug":"sinine-ja-sinepipunane-kaelakee","status":"publish","type":"product","link":"https:\/\/modishhandmade.com\/et\/product\/sinine-ja-sinepipunane-kaelakee\/","title":{"rendered":"Sinine ja sinepipunane kaelakee"},"content":{"rendered":"<p>Tee julge avaldus selle k\u00e4sitsi valmistatud sinise ja sinepi v\u00e4rvi rinnat\u00fcki kaelakee abil, mis on m\u00f5eldud neile, kes armastavad boheemlaslikku ja hipi stiili. See pilkup\u00fc\u00fcdev ese \u00fchendab endas k\u00e4sit\u00f6\u00f6 ja elur\u00f5\u00f5msad v\u00e4rvid, et luua ainulaadne aksessuaar, mis on nii elegantne kui ka ainulaadne. <\/p>\n<p>Kaelakee keskmes on k\u00e4sitsi vormitud pol\u00fcmeersest savist suut\u0161i ripats, mis on hoolikalt meisterdatud, et peegeldada keerulisi mustreid ja tekstuure. Koos klauselementide ja helmedega kiirgab see disain rafineeritust, j\u00e4\u00e4des samas truuks oma boho juurtele. <\/p>\n<p><strong>Peamised omadused:<\/strong><\/p>\n<ul>\n<li><strong>Materjalid:<\/strong> Fimo), klaas, klaashelmed ja pehme nailonk\u00f6is, mis tagab kerge, kuid vastupidava viimistluse.<\/li>\n<li><strong>Disain:<\/strong> 60 cm pikkune n\u00f6\u00f6r tagab, et kaelakee istub mugavalt ja meelitab kaelakaela.<\/li>\n<li><strong>Mugav sobivus:<\/strong> Nailonk\u00f6is on pehme ja sile, mis muudab selle nahale \u00f5rnaks, et seda saaks kanda kogu p\u00e4eva.<\/li>\n<\/ul>\n<p>See rinnamikrofonikaelakee lisab igale komplektile boho v\u00f5lu ja elegantsi, olenemata sellest, kas see on kombineeritud voolava kleidiga festivalil v\u00f5i \u00fchendatud vabaaja riietuse peale. Sinise ja sinepi toonide julge kombinatsioon s\u00fcmboliseerib loovust ja individuaalsust, mist\u00f5ttu on see m\u00f5ttekas aksessuaar v\u00f5i kingitus kellelegi erilisele. <\/p>\n<p>T\u00f5sta oma stiili selle ainulaadse rinnakoruga, mis ei ole lihtsalt ehe, vaid v\u00e4ljendab sinu isikup\u00e4ra ja elegantsi.<\/p>\n","protected":false},"excerpt":{"rendered":"<p>Tee julge avaldus selle k\u00e4sitsi valmistatud sinise ja sinepi v\u00e4rvi rinnat\u00fcki kaelakee abil, mis on m\u00f5eldud neile, kes armastavad boheemlaslikku ja hipi stiili. See pilkup\u00fc\u00fcdev ese \u00fchendab endas k\u00e4sit\u00f6\u00f6 ja elur\u00f5\u00f5msad v\u00e4rvid, et luua ainulaadne aksessuaar, mis on nii elegantne kui ka ainulaadne. <\/p>\n<p>Kaelakee keskmes on k\u00e4sitsi vormitud pol\u00fcmeersest savist suutashi ripats, mis on hoolikalt meisterdatud, et peegeldada keerulisi mustreid ja tekstuure. Koos klauselementide ja helmedega kiirgab see disain rafineeritust, j\u00e4\u00e4des samas truuks oma boho juurtele. <\/p>\n","protected":false},"featured_media":1323,"comment_status":"open","ping_status":"closed","template":"","meta":[],"product_cat":[64],"product_tag":[],"class_list":{"0":"post-1308","1":"product","2":"type-product","3":"status-publish","4":"has-post-thumbnail","6":"product_cat-kasitsi-valmistatud-kaelakeed","8":"first","9":"instock","10":"shipping-taxable","11":"product-type-external"},"_links":{"self":[{"href":"https:\/\/modishhandmade.com\/et\/wp-json\/wp\/v2\/product\/1308","targetHints":{"allow":["GET"]}}],"collection":[{"href":"https:\/\/modishhandmade.com\/et\/wp-json\/wp\/v2\/product"}],"about":[{"href":"https:\/\/modishhandmade.com\/et\/wp-json\/wp\/v2\/types\/product"}],"replies":[{"embeddable":true,"href":"https:\/\/modishhandmade.com\/et\/wp-json\/wp\/v2\/comments?post=1308"}],"wp:featuredmedia":[{"embeddable":true,"href":"https:\/\/modishhandmade.com\/et\/wp-json\/wp\/v2\/media\/1323"}],"wp:attachment":[{"href":"https:\/\/modishhandmade.com\/et\/wp-json\/wp\/v2\/media?parent=1308"}],"wp:term":[{"taxonomy":"product_cat","embeddable":true,"href":"https:\/\/modishhandmade.com\/et\/wp-json\/wp\/v2\/product_cat?post=1308"},{"taxonomy":"product_tag","embeddable":true,"href":"https:\/\/modishhandmade.com\/et\/wp-json\/wp\/v2\/product_tag?post=1308"}],"curies":[{"name":"wp","href":"https:\/\/api.w.org\/{rel}","templated":true}]}}