{"id":1302,"date":"2025-01-09T08:39:59","date_gmt":"2025-01-09T08:39:59","guid":{"rendered":"https:\/\/modishhandmade.com\/product\/etniline-rinnakoru-ja-korvarongaste-komplekt\/"},"modified":"2025-01-09T08:39:59","modified_gmt":"2025-01-09T08:39:59","slug":"etniline-rinnakoru-ja-korvarongaste-komplekt","status":"publish","type":"product","link":"https:\/\/modishhandmade.com\/et\/product\/etniline-rinnakoru-ja-korvarongaste-komplekt\/","title":{"rendered":"Etniline rinnakoru ja k\u00f5rvar\u00f5ngaste komplekt"},"content":{"rendered":"<p>T\u00f5sta oma stiili selle uimastava etnilise kaelakee ja sobivate k\u00f5rvar\u00f5ngaste komplektiga, mis on m\u00f5eldud naistele, kes armastavad boheemlaslikku ja hipi esteetikat. Pruunide ja oliivroheliste toonide mahedad toonid koos k\u00e4sitsi valmistatud detailidega muudavad selle komplekti suurep\u00e4raseks aksessuaariks, mis sobib igaks juhuks. <\/p>\n<p>Kaelakee sisaldab k\u00e4sitsi vormitud pol\u00fcmeersavist ripatseid, mis on hoolikalt meisterdatud, et n\u00e4idata keerulisi etnilise inspiratsiooniga mustreid. Koos h\u00f5bedase aktsendiga k\u00f5rvar\u00f5ngastega m\u00f5jub see komplekt elegantselt, s\u00e4ilitades samal ajal vabameelse v\u00f5lu. Reguleeritav pikkus (47-53 cm\/18,5-20,86 tolli) tagab, et kaelakee istub kaunilt kaelal ja pehme nailonk\u00f6is on mugav kogu p\u00e4eva kanda.  <\/p>\n<p><strong>Peamised omadused:<\/strong><\/p>\n<ul>\n<li><strong>Materjalid:<\/strong> Fimo), klaas, nailonk\u00f6is ja h\u00f5be, mis tagab vastupidava ja elegantse viimistluse.<\/li>\n<li><strong>Disain:<\/strong> Kaelakee sisaldab ripatseid m\u00f5\u00f5tmetega 4 cm x 3,5 cm (1,57 x 1,37 tolli), samal ajal kui k\u00f5rvar\u00f5ngad on 2,5 cm (0,98 tolli) pikkused, mis loob t\u00e4iuslikult tasakaalustatud komplekti.<\/li>\n<li><strong>Reguleeritav sobivus:<\/strong> Kohandage kaelakee pikkust optimaalse mugavuse ja stiili saavutamiseks.<\/li>\n<li><strong>Mugav kandmine:<\/strong> Pehme nailonk\u00f6is on nahale \u00f5rn, mist\u00f5ttu sobib see igap\u00e4evaseks kasutamiseks.<\/li>\n<\/ul>\n<p>See pruun ja oliiviroheline ehtekomplekt sobib ideaalselt, et lisada oma garderoobile etnilist h\u00f5ngu. See on mitmek\u00fclgne aksessuaar, mis sobib nii vabaaja riietuse kui ka formaalse ansambliga ning n\u00e4itab teie individuaalsust ja armastust unikaalse k\u00e4sit\u00f6\u00f6 vastu. <\/p>\n<p>Hellita ennast v\u00f5i \u00fcllata kedagi erilist selle k\u00e4sitsi valmistatud boho ehtekomplektiga, mis on ideaalne kingitus s\u00fcnnip\u00e4evaks, t\u00e4htp\u00e4evaks v\u00f5i lihtsalt t\u00e4nuavaldusena. T\u00e4histage oma unikaalset stiili ja tehke iga riietus unustamatuks!<\/p>\n","protected":false},"excerpt":{"rendered":"<p>T\u00f5sta oma stiili selle uimastava etnilise kaelakee ja sobivate k\u00f5rvar\u00f5ngaste komplektiga, mis on m\u00f5eldud naistele, kes armastavad boheemlaslikku ja hipi esteetikat. Pruunide ja oliivroheliste toonide mahedad toonid koos k\u00e4sitsi valmistatud detailidega muudavad selle komplekti suurep\u00e4raseks aksessuaariks, mis sobib igaks juhuks. <\/p>\n<p>Kaelakee sisaldab k\u00e4sitsi vormitud pol\u00fcmeersavist ripatseid, mis on hoolikalt meisterdatud, et n\u00e4idata keerulisi etnilise inspiratsiooniga mustreid. Koos h\u00f5bedase aktsendiga k\u00f5rvar\u00f5ngastega m\u00f5jub see komplekt elegantselt, s\u00e4ilitades samal ajal vabameelse v\u00f5lu. Reguleeritav pikkus (47-53 cm\/18,5-20,86 tolli) tagab, et kaelakee istub kaunilt kaelal ja pehme nailonk\u00f6is on mugav kogu p\u00e4eva kanda.  <\/p>\n","protected":false},"featured_media":1305,"comment_status":"open","ping_status":"closed","template":"","meta":[],"product_cat":[64],"product_tag":[],"class_list":{"0":"post-1302","1":"product","2":"type-product","3":"status-publish","4":"has-post-thumbnail","6":"product_cat-kasitsi-valmistatud-kaelakeed","8":"first","9":"instock","10":"shipping-taxable","11":"product-type-external"},"_links":{"self":[{"href":"https:\/\/modishhandmade.com\/et\/wp-json\/wp\/v2\/product\/1302","targetHints":{"allow":["GET"]}}],"collection":[{"href":"https:\/\/modishhandmade.com\/et\/wp-json\/wp\/v2\/product"}],"about":[{"href":"https:\/\/modishhandmade.com\/et\/wp-json\/wp\/v2\/types\/product"}],"replies":[{"embeddable":true,"href":"https:\/\/modishhandmade.com\/et\/wp-json\/wp\/v2\/comments?post=1302"}],"wp:featuredmedia":[{"embeddable":true,"href":"https:\/\/modishhandmade.com\/et\/wp-json\/wp\/v2\/media\/1305"}],"wp:attachment":[{"href":"https:\/\/modishhandmade.com\/et\/wp-json\/wp\/v2\/media?parent=1302"}],"wp:term":[{"taxonomy":"product_cat","embeddable":true,"href":"https:\/\/modishhandmade.com\/et\/wp-json\/wp\/v2\/product_cat?post=1302"},{"taxonomy":"product_tag","embeddable":true,"href":"https:\/\/modishhandmade.com\/et\/wp-json\/wp\/v2\/product_tag?post=1302"}],"curies":[{"name":"wp","href":"https:\/\/api.w.org\/{rel}","templated":true}]}}